{"id":774,"date":"2025-05-21T08:53:56","date_gmt":"2025-05-21T08:53:56","guid":{"rendered":"https:\/\/www.honorarkonsul-albanien-nrw.de\/aktualitet\/"},"modified":"2025-05-21T17:10:29","modified_gmt":"2025-05-21T17:10:29","slug":"aktualitet","status":"publish","type":"page","link":"https:\/\/www.honorarkonsul-albanien-nrw.de\/sq\/aktualitet\/","title":{"rendered":"Aktualitet"},"content":{"rendered":"<div id='av_section_1'  class='avia-section av-86vji-2e59c62583ec66347a3771af7280ef1c main_color avia-section-default avia-no-border-styling  avia-builder-el-0  el_before_av_textblock  avia-builder-el-first  avia-bg-style-scroll av-minimum-height av-minimum-height-25 av-height-25  container_wrap fullsize'   data-av_minimum_height_pc='25' data-av_min_height_opt='25'><div class='container av-section-cont-open' ><main  role=\"main\" itemprop=\"mainContentOfPage\"  class='template-page content  av-content-full alpha units'><div class='post-entry post-entry-type-page post-entry-774'><div class='entry-content-wrapper clearfix'><\/div><\/div><\/main><!-- close content main element --><\/div><\/div><div id='after_section_1'  class='main_color av_default_container_wrap container_wrap fullsize'  ><div class='container av-section-cont-open' ><div class='template-page content  av-content-full alpha units'><div class='post-entry post-entry-type-page post-entry-774'><div class='entry-content-wrapper clearfix'>\n<section  class='av_textblock_section av-maxshu0i-338f9dcf030d32184f42b7c99e578026 '   itemscope=\"itemscope\" itemtype=\"https:\/\/schema.org\/CreativeWork\" ><div class='avia_textblock'  itemprop=\"text\" ><h1 style=\"text-align: center;\" data-start=\"35\" data-end=\"54\"><strong data-start=\"39\" data-end=\"52\">Aktualitet<\/strong><\/h1>\n<p style=\"text-align: center;\" data-start=\"55\" data-end=\"128\"><strong>Lajmet dhe zhvillimet m\u00eb t\u00eb fundit nga Shqip\u00ebria<\/strong><\/p>\n<\/div><\/section>\n<div  class='av-alb-blogposts template-blog  '  itemscope=\"itemscope\" itemtype=\"https:\/\/schema.org\/Blog\" ><article class=\"post-entry post-entry-type-standard post-entry-1010 post-loop-1 post-parity-odd single-big  post-1010 post type-post status-publish format-standard hentry category-aktualitet\"  itemscope=\"itemscope\" itemtype=\"https:\/\/schema.org\/BlogPosting\" ><div class=\"blog-meta\"><\/div><div class='entry-content-wrapper clearfix standard-content'><header class=\"entry-content-header\"><h2 class='post-title entry-title '  itemprop=\"headline\" ><a href=\"https:\/\/www.honorarkonsul-albanien-nrw.de\/sq\/ligjerate-ekskluzive-e-artistit-gjerman-stephan-kaluza-ne-universitetin-e-arteve-ne-tirane\/\" rel=\"bookmark\" title=\"Permanent Link: Ligj\u00ebrat\u00eb ekskluzive e artistit gjerman Stephan Kaluza n\u00eb Universitetin e Arteve n\u00eb Tiran\u00eb\">Ligj\u00ebrat\u00eb ekskluzive e artistit gjerman Stephan Kaluza n\u00eb Universitetin e Arteve n\u00eb Tiran\u00eb<span class=\"post-format-icon minor-meta\"><\/span><\/a><\/h2><span class=\"post-meta-infos\"><time class=\"date-container minor-meta updated\"  itemprop=\"datePublished\" datetime=\"2025-10-09T09:27:49+00:00\" >09.10.2025<\/time><span class=\"text-sep\">\/<\/span><span class=\"comment-container minor-meta\"><a href=\"https:\/\/www.honorarkonsul-albanien-nrw.de\/sq\/ligjerate-ekskluzive-e-artistit-gjerman-stephan-kaluza-ne-universitetin-e-arteve-ne-tirane\/#respond\" class=\"comments-link\" >0 Comments<\/a><\/span><span class=\"text-sep\">\/<\/span><span class=\"blog-categories minor-meta\">in <a href=\"https:\/\/www.honorarkonsul-albanien-nrw.de\/sq\/category\/aktualitet\/\" rel=\"tag\">Aktualitet<\/a><\/span><span class=\"text-sep\">\/<\/span><span class=\"blog-author minor-meta\">by <span class=\"entry-author-link\"  itemprop=\"author\" ><span class=\"author\"><span class=\"fn\"><a href=\"https:\/\/www.honorarkonsul-albanien-nrw.de\/sq\/author\/alba\/\" title=\"Posts by Alba Tahiri\" rel=\"author\">Alba Tahiri<\/a><\/span><\/span><\/span><\/span><\/span><\/header><div class=\"entry-content\"  itemprop=\"text\" ><p>Sot n\u00eb Universitetin e Arteve, n\u00eb kuad\u00ebr t\u00eb Jav\u00ebs Kulturore Gjermane, n\u00ebn kujdesin e Rektorit t\u00eb UART, Prof. Dr. Erald Bakalli, u realizua n\u00eb Lektoriumin e Fakultetit t\u00eb Arteve t\u00eb Bukura nj\u00eb Ligj\u00ebrat\u00eb ekskluzive nga artisti gjerman Stephan Kaluza e titulluar: \u201cMekanizma t\u00eb d\u00ebshir\u00ebs krijuese\u201d. N\u00eb ligj\u00ebrat\u00ebn e tij t\u00eb pasuar nga nj\u00eb intervist\u00eb, artist [&hellip;]<\/p>\n<div class=\"read-more-link\"><a href=\"https:\/\/www.honorarkonsul-albanien-nrw.de\/sq\/ligjerate-ekskluzive-e-artistit-gjerman-stephan-kaluza-ne-universitetin-e-arteve-ne-tirane\/\" class=\"more-link\">Read more<span class=\"more-link-arrow\"><\/span><\/a><\/div>\n<\/div><footer class=\"entry-footer\"><\/footer><div class='post_delimiter'><\/div><\/div><div class=\"post_author_timeline\"><\/div><span class='hidden'>\n\t\t\t\t<span class='av-structured-data'  itemprop=\"image\" itemscope=\"itemscope\" itemtype=\"https:\/\/schema.org\/ImageObject\" >\n\t\t\t\t\t\t<span itemprop='url'>https:\/\/www.honorarkonsul-albanien-nrw.de\/wp-content\/uploads\/2025\/04\/fcf575e2-3d7e-453a-8dee-0a7aaedc2547-300x189.webp<\/span>\n\t\t\t\t\t\t<span itemprop='height'>0<\/span>\n\t\t\t\t\t\t<span itemprop='width'>0<\/span>\n\t\t\t\t<\/span>\n\t\t\t\t<span class='av-structured-data'  itemprop=\"publisher\" itemtype=\"https:\/\/schema.org\/Organization\" itemscope=\"itemscope\" >\n\t\t\t\t\t\t<span itemprop='name'>Alba Tahiri<\/span>\n\t\t\t\t\t\t<span itemprop='logo' itemscope itemtype='https:\/\/schema.org\/ImageObject'>\n\t\t\t\t\t\t\t<span itemprop='url'>https:\/\/www.honorarkonsul-albanien-nrw.de\/wp-content\/uploads\/2025\/04\/fcf575e2-3d7e-453a-8dee-0a7aaedc2547-300x189.webp<\/span>\n\t\t\t\t\t\t<\/span>\n\t\t\t\t<\/span><span class='av-structured-data'  itemprop=\"author\" itemscope=\"itemscope\" itemtype=\"https:\/\/schema.org\/Person\" ><span itemprop='name'>Alba Tahiri<\/span><\/span><span class='av-structured-data'  itemprop=\"datePublished\" datetime=\"2025-10-09T09:27:49+00:00\" >2025-10-09 09:27:49<\/span><span class='av-structured-data'  itemprop=\"dateModified\" itemtype=\"https:\/\/schema.org\/dateModified\" >2025-10-09 09:27:49<\/span><span class='av-structured-data'  itemprop=\"mainEntityOfPage\" itemtype=\"https:\/\/schema.org\/mainEntityOfPage\" ><span itemprop='name'>Ligj\u00ebrat\u00eb ekskluzive e artistit gjerman Stephan Kaluza n\u00eb Universitetin e Arteve n\u00eb Tiran\u00eb<\/span><\/span><\/span><\/article><article class=\"post-entry post-entry-type-standard post-entry-988 post-loop-2 post-parity-even single-big  post-988 post type-post status-publish format-standard hentry category-aktualitet\"  itemscope=\"itemscope\" itemtype=\"https:\/\/schema.org\/BlogPosting\" ><div class=\"blog-meta\"><\/div><div class='entry-content-wrapper clearfix standard-content'><header class=\"entry-content-header\"><h2 class='post-title entry-title '  itemprop=\"headline\" ><a href=\"https:\/\/www.honorarkonsul-albanien-nrw.de\/sq\/kryeministri-i-shqiperise-edi-rama-emeron-per-here-te-pare-nje-ministre-me-inteligjence-artificiale-ne-luften-kunder-korrupsionit\/\" rel=\"bookmark\" title=\"Permanent Link: Kryeministri i Shqip\u00ebris\u00eb, Edi Rama, em\u00ebron p\u00ebr her\u00eb t\u00eb par\u00eb nj\u00eb \u201cministre\u201d me inteligjenc\u00eb artificiale n\u00eb luft\u00ebn kund\u00ebr korrupsionit.\">Kryeministri i Shqip\u00ebris\u00eb, Edi Rama, em\u00ebron p\u00ebr her\u00eb t\u00eb par\u00eb nj\u00eb \u201cministre\u201d me inteligjenc\u00eb artificiale n\u00eb luft\u00ebn kund\u00ebr korrupsionit.<span class=\"post-format-icon minor-meta\"><\/span><\/a><\/h2><span class=\"post-meta-infos\"><time class=\"date-container minor-meta updated\"  itemprop=\"datePublished\" datetime=\"2025-09-24T13:47:19+00:00\" >24.09.2025<\/time><span class=\"text-sep\">\/<\/span><span class=\"comment-container minor-meta\"><a href=\"https:\/\/www.honorarkonsul-albanien-nrw.de\/sq\/kryeministri-i-shqiperise-edi-rama-emeron-per-here-te-pare-nje-ministre-me-inteligjence-artificiale-ne-luften-kunder-korrupsionit\/#respond\" class=\"comments-link\" >0 Comments<\/a><\/span><span class=\"text-sep\">\/<\/span><span class=\"blog-categories minor-meta\">in <a href=\"https:\/\/www.honorarkonsul-albanien-nrw.de\/sq\/category\/aktualitet\/\" rel=\"tag\">Aktualitet<\/a><\/span><span class=\"text-sep\">\/<\/span><span class=\"blog-author minor-meta\">by <span class=\"entry-author-link\"  itemprop=\"author\" ><span class=\"author\"><span class=\"fn\"><a href=\"https:\/\/www.honorarkonsul-albanien-nrw.de\/sq\/author\/alba\/\" title=\"Posts by Alba Tahiri\" rel=\"author\">Alba Tahiri<\/a><\/span><\/span><\/span><\/span><\/span><\/header><div class=\"entry-content\"  itemprop=\"text\" ><p>Edi Rama ka b\u00ebr\u00eb nj\u00eb l\u00ebvizje q\u00eb ka t\u00ebrhequr v\u00ebmendjen e mediave nd\u00ebrkomb\u00ebtare: p\u00ebr her\u00eb t\u00eb par\u00eb n\u00eb Shqip\u00ebri \u00ebsht\u00eb em\u00ebruar nj\u00eb ministre me inteligjenc\u00eb artificiale. Q\u00ebllimi i k\u00ebtij hapi \u00ebsht\u00eb lufta kund\u00ebr korrupsionit dhe p\u00ebrgatitja e vendit p\u00ebr an\u00ebtar\u00ebsim n\u00eb Bashkimin Evropian. Rama shpjegon se kjo zgjidhje \u00ebsht\u00eb menduar pasi \u201cDiella nuk fle, nuk [&hellip;]<\/p>\n<div class=\"read-more-link\"><a href=\"https:\/\/www.honorarkonsul-albanien-nrw.de\/sq\/kryeministri-i-shqiperise-edi-rama-emeron-per-here-te-pare-nje-ministre-me-inteligjence-artificiale-ne-luften-kunder-korrupsionit\/\" class=\"more-link\">Read more<span class=\"more-link-arrow\"><\/span><\/a><\/div>\n<\/div><footer class=\"entry-footer\"><\/footer><div class='post_delimiter'><\/div><\/div><div class=\"post_author_timeline\"><\/div><span class='hidden'>\n\t\t\t\t<span class='av-structured-data'  itemprop=\"image\" itemscope=\"itemscope\" itemtype=\"https:\/\/schema.org\/ImageObject\" >\n\t\t\t\t\t\t<span itemprop='url'>https:\/\/www.honorarkonsul-albanien-nrw.de\/wp-content\/uploads\/2025\/04\/fcf575e2-3d7e-453a-8dee-0a7aaedc2547-300x189.webp<\/span>\n\t\t\t\t\t\t<span itemprop='height'>0<\/span>\n\t\t\t\t\t\t<span itemprop='width'>0<\/span>\n\t\t\t\t<\/span>\n\t\t\t\t<span class='av-structured-data'  itemprop=\"publisher\" itemtype=\"https:\/\/schema.org\/Organization\" itemscope=\"itemscope\" >\n\t\t\t\t\t\t<span itemprop='name'>Alba Tahiri<\/span>\n\t\t\t\t\t\t<span itemprop='logo' itemscope itemtype='https:\/\/schema.org\/ImageObject'>\n\t\t\t\t\t\t\t<span itemprop='url'>https:\/\/www.honorarkonsul-albanien-nrw.de\/wp-content\/uploads\/2025\/04\/fcf575e2-3d7e-453a-8dee-0a7aaedc2547-300x189.webp<\/span>\n\t\t\t\t\t\t<\/span>\n\t\t\t\t<\/span><span class='av-structured-data'  itemprop=\"author\" itemscope=\"itemscope\" itemtype=\"https:\/\/schema.org\/Person\" ><span itemprop='name'>Alba Tahiri<\/span><\/span><span class='av-structured-data'  itemprop=\"datePublished\" datetime=\"2025-09-24T13:47:19+00:00\" >2025-09-24 13:47:19<\/span><span class='av-structured-data'  itemprop=\"dateModified\" itemtype=\"https:\/\/schema.org\/dateModified\" >2025-09-24 14:03:06<\/span><span class='av-structured-data'  itemprop=\"mainEntityOfPage\" itemtype=\"https:\/\/schema.org\/mainEntityOfPage\" ><span itemprop='name'>Kryeministri i Shqip\u00ebris\u00eb, Edi Rama, em\u00ebron p\u00ebr her\u00eb t\u00eb par\u00eb nj\u00eb \u201cministre\u201d me inteligjenc\u00eb artificiale n\u00eb luft\u00ebn kund\u00ebr korrupsionit.<\/span><\/span><\/span><\/article><article class=\"post-entry post-entry-type-standard post-entry-944 post-loop-3 post-parity-odd post-entry-last single-big  post-944 post type-post status-publish format-standard hentry category-aktualitet\"  itemscope=\"itemscope\" itemtype=\"https:\/\/schema.org\/BlogPosting\" ><div class=\"blog-meta\"><\/div><div class='entry-content-wrapper clearfix standard-content'><header class=\"entry-content-header\"><h2 class='post-title entry-title '  itemprop=\"headline\" ><a href=\"https:\/\/www.honorarkonsul-albanien-nrw.de\/sq\/shkrimtari-shqiptar-stefan-capaliku-prezanton-kulturen-jozyrtare-te-shqiperise-honorarkonsulli-prof-dr-thomas-druyen-i-ftuar-ne-16-in-westbalkan-salon\/\" rel=\"bookmark\" title=\"Permanent Link: Shkrimtari shqiptar Stefan \u00c7apaliku prezanton kultur\u00ebn jozyrtare t\u00eb Shqip\u00ebris\u00eb \u2013 Konsulli i Nderit Prof. Dr. Thomas Druyen i ftuar n\u00eb 16-in \u201cWestbalkan-Salon\u201d\">Shkrimtari shqiptar Stefan \u00c7apaliku prezanton kultur\u00ebn jozyrtare t\u00eb Shqip\u00ebris\u00eb \u2013 Konsulli i Nderit Prof. Dr. Thomas Druyen i ftuar n\u00eb 16-in \u201cWestbalkan-Salon\u201d<span class=\"post-format-icon minor-meta\"><\/span><\/a><\/h2><span class=\"post-meta-infos\"><time class=\"date-container minor-meta updated\"  itemprop=\"datePublished\" datetime=\"2025-09-24T10:49:24+00:00\" >24.09.2025<\/time><span class=\"text-sep\">\/<\/span><span class=\"comment-container minor-meta\"><a href=\"https:\/\/www.honorarkonsul-albanien-nrw.de\/sq\/shkrimtari-shqiptar-stefan-capaliku-prezanton-kulturen-jozyrtare-te-shqiperise-honorarkonsulli-prof-dr-thomas-druyen-i-ftuar-ne-16-in-westbalkan-salon\/#respond\" class=\"comments-link\" >0 Comments<\/a><\/span><span class=\"text-sep\">\/<\/span><span class=\"blog-categories minor-meta\">in <a href=\"https:\/\/www.honorarkonsul-albanien-nrw.de\/sq\/category\/aktualitet\/\" rel=\"tag\">Aktualitet<\/a><\/span><span class=\"text-sep\">\/<\/span><span class=\"blog-author minor-meta\">by <span class=\"entry-author-link\"  itemprop=\"author\" ><span class=\"author\"><span class=\"fn\"><a href=\"https:\/\/www.honorarkonsul-albanien-nrw.de\/sq\/author\/alba\/\" title=\"Posts by Alba Tahiri\" rel=\"author\">Alba Tahiri<\/a><\/span><\/span><\/span><\/span><\/span><\/header><div class=\"entry-content\"  itemprop=\"text\" ><p>Konsulli i Nderit i Republik\u00ebs s\u00eb Shqip\u00ebris\u00eb u ftua m\u00eb 19 shtator 2025 n\u00eb nj\u00eb aktivitet t\u00eb ve\u00e7ant\u00eb kulturor n\u00eb Berlin: 16-in \u201cWestbalkan-Salon\u201d, i organizuar nga International Club (ICAA) n\u00eb bashk\u00ebpunim me Ministrin\u00eb e Jashtme t\u00eb Gjermanis\u00eb. N\u00ebn titullin \u201cNothing new on the other side of the fence \u2013 A sketch of Albanian unofficial culture\u201d, [&hellip;]<\/p>\n<div class=\"read-more-link\"><a href=\"https:\/\/www.honorarkonsul-albanien-nrw.de\/sq\/shkrimtari-shqiptar-stefan-capaliku-prezanton-kulturen-jozyrtare-te-shqiperise-honorarkonsulli-prof-dr-thomas-druyen-i-ftuar-ne-16-in-westbalkan-salon\/\" class=\"more-link\">Read more<span class=\"more-link-arrow\"><\/span><\/a><\/div>\n<\/div><footer class=\"entry-footer\"><\/footer><div class='post_delimiter'><\/div><\/div><div class=\"post_author_timeline\"><\/div><span class='hidden'>\n\t\t\t\t<span class='av-structured-data'  itemprop=\"image\" itemscope=\"itemscope\" itemtype=\"https:\/\/schema.org\/ImageObject\" >\n\t\t\t\t\t\t<span itemprop='url'>https:\/\/www.honorarkonsul-albanien-nrw.de\/wp-content\/uploads\/2025\/04\/fcf575e2-3d7e-453a-8dee-0a7aaedc2547-300x189.webp<\/span>\n\t\t\t\t\t\t<span itemprop='height'>0<\/span>\n\t\t\t\t\t\t<span itemprop='width'>0<\/span>\n\t\t\t\t<\/span>\n\t\t\t\t<span class='av-structured-data'  itemprop=\"publisher\" itemtype=\"https:\/\/schema.org\/Organization\" itemscope=\"itemscope\" >\n\t\t\t\t\t\t<span itemprop='name'>Alba Tahiri<\/span>\n\t\t\t\t\t\t<span itemprop='logo' itemscope itemtype='https:\/\/schema.org\/ImageObject'>\n\t\t\t\t\t\t\t<span itemprop='url'>https:\/\/www.honorarkonsul-albanien-nrw.de\/wp-content\/uploads\/2025\/04\/fcf575e2-3d7e-453a-8dee-0a7aaedc2547-300x189.webp<\/span>\n\t\t\t\t\t\t<\/span>\n\t\t\t\t<\/span><span class='av-structured-data'  itemprop=\"author\" itemscope=\"itemscope\" itemtype=\"https:\/\/schema.org\/Person\" ><span itemprop='name'>Alba Tahiri<\/span><\/span><span class='av-structured-data'  itemprop=\"datePublished\" datetime=\"2025-09-24T10:49:24+00:00\" >2025-09-24 10:49:24<\/span><span class='av-structured-data'  itemprop=\"dateModified\" itemtype=\"https:\/\/schema.org\/dateModified\" >2025-09-24 12:53:28<\/span><span class='av-structured-data'  itemprop=\"mainEntityOfPage\" itemtype=\"https:\/\/schema.org\/mainEntityOfPage\" ><span itemprop='name'>Shkrimtari shqiptar Stefan \u00c7apaliku prezanton kultur\u00ebn jozyrtare t\u00eb Shqip\u00ebris\u00eb \u2013 Konsulli i Nderit Prof. Dr. Thomas Druyen i ftuar n\u00eb 16-in \u201cWestbalkan-Salon\u201d<\/span><\/span><\/span><\/article><div class='single-big'><nav class='pagination'><span class='pagination-meta'>Page 1 of 5<\/span><span class='current'>1<\/span><a href='https:\/\/www.honorarkonsul-albanien-nrw.de\/sq\/wp-json\/wp\/v2\/pages\/774\/page\/2\/' class='inactive next_page' >2<\/a><a href='https:\/\/www.honorarkonsul-albanien-nrw.de\/sq\/wp-json\/wp\/v2\/pages\/774\/page\/3\/' class='inactive' >3<\/a><a href='https:\/\/www.honorarkonsul-albanien-nrw.de\/sq\/wp-json\/wp\/v2\/pages\/774\/page\/4\/' class='inactive' >4<\/a><a href='https:\/\/www.honorarkonsul-albanien-nrw.de\/sq\/wp-json\/wp\/v2\/pages\/774\/page\/5\/' class='inactive' >5<\/a><\/nav>\n<\/div><\/div>\n","protected":false},"excerpt":{"rendered":"","protected":false},"author":3,"featured_media":0,"parent":0,"menu_order":0,"comment_status":"closed","ping_status":"closed","template":"","meta":{"footnotes":""},"class_list":["post-774","page","type-page","status-publish","hentry"],"_links":{"self":[{"href":"https:\/\/www.honorarkonsul-albanien-nrw.de\/sq\/wp-json\/wp\/v2\/pages\/774","targetHints":{"allow":["GET"]}}],"collection":[{"href":"https:\/\/www.honorarkonsul-albanien-nrw.de\/sq\/wp-json\/wp\/v2\/pages"}],"about":[{"href":"https:\/\/www.honorarkonsul-albanien-nrw.de\/sq\/wp-json\/wp\/v2\/types\/page"}],"author":[{"embeddable":true,"href":"https:\/\/www.honorarkonsul-albanien-nrw.de\/sq\/wp-json\/wp\/v2\/users\/3"}],"replies":[{"embeddable":true,"href":"https:\/\/www.honorarkonsul-albanien-nrw.de\/sq\/wp-json\/wp\/v2\/comments?post=774"}],"version-history":[{"count":3,"href":"https:\/\/www.honorarkonsul-albanien-nrw.de\/sq\/wp-json\/wp\/v2\/pages\/774\/revisions"}],"predecessor-version":[{"id":826,"href":"https:\/\/www.honorarkonsul-albanien-nrw.de\/sq\/wp-json\/wp\/v2\/pages\/774\/revisions\/826"}],"wp:attachment":[{"href":"https:\/\/www.honorarkonsul-albanien-nrw.de\/sq\/wp-json\/wp\/v2\/media?parent=774"}],"curies":[{"name":"wp","href":"https:\/\/api.w.org\/{rel}","templated":true}]}}