{"id":503,"date":"2025-05-07T10:09:37","date_gmt":"2025-05-07T10:09:37","guid":{"rendered":"https:\/\/dev.honorarkonsul-albanien-nrw.de\/mundesi-bashkepunimi\/industria-dhe-infrastruktura\/"},"modified":"2025-05-16T12:11:37","modified_gmt":"2025-05-16T12:11:37","slug":"industria-dhe-infrastruktura","status":"publish","type":"page","link":"https:\/\/www.honorarkonsul-albanien-nrw.de\/sq\/mundesi-bashkepunimi\/industria-dhe-infrastruktura\/","title":{"rendered":"Industria &amp; Infrastruktura"},"content":{"rendered":"<div  class='flex_column av-xk6ql-7e93174fe72a1c2b551f835cd8bcee09 av_one_fifth  avia-builder-el-0  el_before_av_three_fifth  avia-builder-el-first  first flex_column_div  '     ><\/div>\n<div  class='flex_column av-2or5x-e19384268e90e3b4d88aafb93255ef9a av_three_fifth  avia-builder-el-1  el_after_av_one_fifth  el_before_av_one_fifth  flex_column_div  '     ><p>\n<style type=\"text\/css\" data-created_by=\"avia_inline_auto\" id=\"style-css-av-mads11td-e9262e27b41c8ac1c1fa4adcb7741c14\">\n#top .av-special-heading.av-mads11td-e9262e27b41c8ac1c1fa4adcb7741c14{\npadding-bottom:10px;\n}\nbody .av-special-heading.av-mads11td-e9262e27b41c8ac1c1fa4adcb7741c14 .av-special-heading-tag .heading-char{\nfont-size:25px;\n}\n.av-special-heading.av-mads11td-e9262e27b41c8ac1c1fa4adcb7741c14 .av-subheading{\nfont-size:15px;\n}\n<\/style>\n<div  class='av-special-heading av-mads11td-e9262e27b41c8ac1c1fa4adcb7741c14 av-special-heading-h1 blockquote modern-quote modern-centered  avia-builder-el-2  el_before_av_textblock  avia-builder-el-first '><h1 class='av-special-heading-tag'  itemprop=\"headline\"  >Industria <span class='special_amp'>&amp;<\/span> Infrastruktura<\/h1><div class=\"special-heading-border\"><div class=\"special-heading-inner-border\"><\/div><\/div><\/div><br \/>\n<section  class='av_textblock_section av-j3uhh-1a9d7b6029cbfed0ad6614b783c10301 '   itemscope=\"itemscope\" itemtype=\"https:\/\/schema.org\/CreativeWork\" ><div class='avia_textblock'  itemprop=\"text\" ><h3>Me kosto t\u00eb ul\u00ebta operimi, af\u00ebrsi me BE-n\u00eb, zona t\u00eb ve\u00e7anta p\u00ebr investitor\u00ebt dhe qasje t\u00eb fort\u00eb n\u00eb fuqi pun\u00ebtore t\u00eb kualifikuar, Shqip\u00ebria po shnd\u00ebrrohet n\u00eb nj\u00eb partner t\u00eb besuesh\u00ebm p\u00ebr projekte industriale. Vendi ofron kushte ideale p\u00ebr nd\u00ebrmarrjet prodhuese, qendrat logjistike dhe sh\u00ebrbimet industriale.<\/h3>\n<p><strong> Arsye t\u00eb forta p\u00ebr investimin tuaj:<\/strong><\/p>\n<ul>\n<li>Marrje simbolike me qira e tokave shtet\u00ebrore industriale p\u00ebr 1 euro (deri n\u00eb 99 vjet)<\/li>\n<li>P\u00ebrjashtim nga taksat doganore dhe TVSH-ja p\u00ebr makineri dhe pajisje<br \/>\n5% tatim mbi fitimin p\u00ebr industrin\u00eb e furnizuesve t\u00eb automobilave<\/li>\n<li>Rimbursim i shpejt\u00eb i TVSH-s\u00eb p\u00ebr eksportuesit (brenda 30 dit\u00ebve)<\/li>\n<li>Mb\u00ebshtetje financiare p\u00ebr formim profesional dhe trajnime n\u00eb vendin e pun\u00ebs<\/li>\n<li>Paga t\u00eb ul\u00ebta me nivel t\u00eb lart\u00eb kualifikimi \u2013 paga mesatare mujore n\u00eb industri: 529 \u20ac<\/li>\n<li>Zona t\u00eb zhvillimit ekonomik dhe industrial t\u00eb mb\u00ebshtetura nga shteti (zonat TEDA)<\/li>\n<\/ul>\n<p><strong> Pozicion strategjik p\u00ebr tregun evropian:<\/strong><\/p>\n<p>Lidhje me korridoret kryesore t\u00eb tranzitit evropian<\/p>\n<p>4 porte detare (Durr\u00ebs, Vlor\u00eb, Sh\u00ebngjin, Sarand\u00eb)<\/p>\n<p>2 aeroporte nd\u00ebrkomb\u00ebtare (Tiran\u00eb, Kuk\u00ebs)<\/p>\n<p>15 pika kufitare me vendet fqinje<\/p>\n<p>Qasje direkte n\u00eb Detin Mesdhe dhe Korridorin Adriatik<\/p>\n<p>Eksportet drejt vendeve t\u00eb BE-s\u00eb rriten \u00e7do vit \u2013 tregjet kryesore: Gjermani, Itali, Greqi<\/p>\n<p><strong>Fuqia pun\u00ebtore &amp; kualifikimi:<\/strong><\/p>\n<ul>\n<li>M\u00eb shum\u00eb se 46% e popullsis\u00eb \u00ebsht\u00eb n\u00ebn 35 vje\u00e7<\/li>\n<li>97,6% shkall\u00eb e lart\u00eb e alfabetizimit<\/li>\n<li>39 shkolla profesionale n\u00eb t\u00eb gjith\u00eb vendin<\/li>\n<li>Disponueshm\u00ebri e specialist\u00ebve teknik\u00eb nga Universiteti Politeknik i Tiran\u00ebs<\/li>\n<\/ul>\n<p><strong>Prania nd\u00ebrkomb\u00ebtare:<\/strong><\/p>\n<p>Shqip\u00ebria furnizon marka evropiane t\u00eb njohura si Zara, Gianfranco Ferr\u00e9, U.S. Polo.<br \/>\nN\u00eb sektorin automobilistik, kompani si Giobert, PSZ Albania, Forchner, Yura (Koreja e Jugut) kan\u00eb ngritur tashm\u00eb kapacitete prodhuese n\u00eb vend.<\/p>\n<p><strong> Kontakt &amp; Mb\u00ebshtetje<\/strong><\/p>\n<p>Po planifikoni nj\u00eb projekt prodhimi apo logjistike n\u00eb Shqip\u00ebri?<br \/>\nNe ju mb\u00ebshtesim me k\u00ebnaq\u00ebsi n\u00eb p\u00ebrzgjedhjen e vendndodhjes, kontaktet me autoritetet lokale dhe zhvillimin e projektit tuaj.<\/p>\n<\/div><\/section><\/p><\/div><div  class='flex_column av-cz94l-d0156e57cae95912bd2d3b4c153877a7 av_one_fifth  avia-builder-el-4  el_after_av_three_fifth  el_before_av_masonry_gallery  avia-builder-el-last  flex_column_div  '     ><\/div><\/p>\n<div id='av-masonry-1' class='av-masonry av-acbot-0568ee0460c3689b65f59789bb54a213 noHover av-fixed-size av-large-gap av-hover-overlay-active av-masonry-animation-active av-masonry-col-5 av-caption-always av-caption-style-overlay av-masonry-gallery av-orientation-portrait ' data-post_id=\"503\"><div class=\"av-masonry-container isotope av-js-disabled\"><div class='av-masonry-entry isotope-item av-masonry-item-no-image '><\/div><a href=\"https:\/\/www.honorarkonsul-albanien-nrw.de\/sq\/mundesi-bashkepunimi\/Teknologjia dhe dixhitalizimi\/\"  aria-label=\"image Teknologjia &#038; dixhitalizimi\"  id='av-masonry-1-item-266' data-av-masonry-item='266' class='av-masonry-entry isotope-item post-266 attachment type-attachment status-inherit hentry  av-masonry-item-with-image' title=\"Teknologjia &#038; dixhitalizimi\" alt=\"\"  data-av-masonry-custom-link=\"https:\/\/www.honorarkonsul-albanien-nrw.de\/sq\/mundesi-bashkepunimi\/Teknologjia%20dhe%20dixhitalizimi\/\"  itemprop=\"thumbnailUrl\" ><div class='av-inner-masonry-sizer'><\/div><figure class='av-inner-masonry main_color'><div class=\"av-masonry-outerimage-container\"><div class='av-masonry-image-container' style=\"background-image: url(https:\/\/www.honorarkonsul-albanien-nrw.de\/wp-content\/uploads\/2025\/05\/photo-1589828994379-7a8869c4f519-705x449.jpeg);\"  title=\"Teknologjia &#038; dixhitalizimi\"  ><\/div><\/div><figcaption class='av-inner-masonry-content site-background'><div class='av-inner-masonry-content-pos'><div class='av-inner-masonry-content-pos-content'><div class='avia-arrow'><\/div><h3 class='av-masonry-entry-title entry-title '  itemprop=\"headline\" >Teknologjia &#038; dixhitalizimi<\/h3><div class='av-masonry-entry-content entry-content'  itemprop=\"text\" >Nxitni shk\u00ebmbimin dhe zhvillimin e teknologjive inovative midis Shqip\u00ebris\u00eb dhe Nordrhein-Westfalen-it.<\/div><\/div><\/div><\/figcaption><\/figure><\/a><!--end av-masonry entry--><a href=\"https:\/\/www.honorarkonsul-albanien-nrw.de\/sq\/mundesi-bashkepunimi\/industria-dhe-infrastruktura\/\"  aria-label=\"image Industria &#038; Infrastruktura\"  id='av-masonry-1-item-264' data-av-masonry-item='264' class='av-masonry-entry isotope-item post-264 attachment type-attachment status-inherit hentry  av-masonry-item-with-image' title=\"Industria &#038; Infrastruktura\" alt=\"\"  data-av-masonry-custom-link=\"https:\/\/www.honorarkonsul-albanien-nrw.de\/sq\/mundesi-bashkepunimi\/industria-dhe-infrastruktura\/\"  itemprop=\"thumbnailUrl\" ><div class='av-inner-masonry-sizer'><\/div><figure class='av-inner-masonry main_color'><div class=\"av-masonry-outerimage-container\"><div class='av-masonry-image-container' style=\"background-image: url(https:\/\/www.honorarkonsul-albanien-nrw.de\/wp-content\/uploads\/2025\/05\/photo-1523413184730-e85dbbd04aba-470x705.jpeg);\"  title=\"Industria &#038; Infrastruktura\"  ><\/div><\/div><figcaption class='av-inner-masonry-content site-background'><div class='av-inner-masonry-content-pos'><div class='av-inner-masonry-content-pos-content'><div class='avia-arrow'><\/div><h3 class='av-masonry-entry-title entry-title '  itemprop=\"headline\" >Industria &#038; Infrastruktura<\/h3><div class='av-masonry-entry-content entry-content'  itemprop=\"text\" >Angazhohuni n\u00eb projekte p\u00ebr zhvillimin e infrastruktur\u00ebs dhe krijimin e lidhjeve afatgjata e t\u00eb q\u00ebndrueshme.<\/div><\/div><\/div><\/figcaption><\/figure><\/a><!--end av-masonry entry--><a href=\"https:\/\/www.honorarkonsul-albanien-nrw.de\/sq\/mundesi-bashkepunimi\/turizmi\/\/\"  aria-label=\"image Turizmi\"  id='av-masonry-1-item-262' data-av-masonry-item='262' class='av-masonry-entry isotope-item post-262 attachment type-attachment status-inherit hentry  av-masonry-item-with-image' title=\"Turizmi\" alt=\"\"  data-av-masonry-custom-link=\"https:\/\/www.honorarkonsul-albanien-nrw.de\/sq\/mundesi-bashkepunimi\/turizmi\/\/\"  itemprop=\"thumbnailUrl\" ><div class='av-inner-masonry-sizer'><\/div><figure class='av-inner-masonry main_color'><div class=\"av-masonry-outerimage-container\"><div class='av-masonry-image-container' style=\"background-image: url(https:\/\/www.honorarkonsul-albanien-nrw.de\/wp-content\/uploads\/2025\/05\/photo-1444927714506-8492d94b4e3d-705x467.jpeg);\"  title=\"Turizmi\"  ><\/div><\/div><figcaption class='av-inner-masonry-content site-background'><div class='av-inner-masonry-content-pos'><div class='av-inner-masonry-content-pos-content'><div class='avia-arrow'><\/div><h3 class='av-masonry-entry-title entry-title '  itemprop=\"headline\" >Turizmi<\/h3><div class='av-masonry-entry-content entry-content'  itemprop=\"text\" >Mb\u00ebshtesni nismat p\u00ebr promovimin e turizmit dhe zbuloni bukurit\u00eb e Shqip\u00ebris\u00eb.<\/div><\/div><\/div><\/figcaption><\/figure><\/a><!--end av-masonry entry--><a href=\"https:\/\/www.honorarkonsul-albanien-nrw.de\/sq\/mundesi-bashkepunimi\/ndermarrjet-e-reja-dhe-sipermarrja\/\"  aria-label=\"image Nd\u00ebrmarrjet e reja &#038; sip\u00ebrmarrja\"  id='av-masonry-1-item-260' data-av-masonry-item='260' class='av-masonry-entry isotope-item post-260 attachment type-attachment status-inherit hentry  av-masonry-item-with-image' title=\"Nd\u00ebrmarrjet e reja &#038; sip\u00ebrmarrja\" alt=\"\"  data-av-masonry-custom-link=\"https:\/\/www.honorarkonsul-albanien-nrw.de\/sq\/mundesi-bashkepunimi\/ndermarrjet-e-reja-dhe-sipermarrja\/\"  itemprop=\"thumbnailUrl\" ><div class='av-inner-masonry-sizer'><\/div><figure class='av-inner-masonry main_color'><div class=\"av-masonry-outerimage-container\"><div class='av-masonry-image-container' style=\"background-image: url(https:\/\/www.honorarkonsul-albanien-nrw.de\/wp-content\/uploads\/2025\/05\/photo-1553484771-898ed465e931-705x470.jpeg);\"  title=\"Nd\u00ebrmarrjet e reja &#038; sip\u00ebrmarrja\"  ><\/div><\/div><figcaption class='av-inner-masonry-content site-background'><div class='av-inner-masonry-content-pos'><div class='av-inner-masonry-content-pos-content'><div class='avia-arrow'><\/div><h3 class='av-masonry-entry-title entry-title '  itemprop=\"headline\" >Nd\u00ebrmarrjet e reja &#038; sip\u00ebrmarrja<\/h3><div class='av-masonry-entry-content entry-content'  itemprop=\"text\" >Mund\u00ebsojini nd\u00ebrmarrjeve t\u00eb reja t\u00eb realizojn\u00eb idet\u00eb e tyre dhe t\u00eb dep\u00ebrtojn\u00eb n\u00eb tregjet nd\u00ebrkomb\u00ebtare.<\/div><\/div><\/div><\/figcaption><\/figure><\/a><!--end av-masonry entry--><a href=\"https:\/\/www.honorarkonsul-albanien-nrw.de\/sq\/mundesi-bashkepunimi\/arsimi-dhe-kerkimi-shkencor\/\"  aria-label=\"image Arsimi &#038; k\u00ebrkimi shkencor\"  id='av-masonry-1-item-258' data-av-masonry-item='258' class='av-masonry-entry isotope-item post-258 attachment type-attachment status-inherit hentry  av-masonry-item-with-image' title=\"Arsimi &#038; k\u00ebrkimi shkencor\" alt=\"\"  data-av-masonry-custom-link=\"https:\/\/www.honorarkonsul-albanien-nrw.de\/sq\/mundesi-bashkepunimi\/arsimi-dhe-kerkimi-shkencor\/\"  itemprop=\"thumbnailUrl\" ><div class='av-inner-masonry-sizer'><\/div><figure class='av-inner-masonry main_color'><div class=\"av-masonry-outerimage-container\"><div class='av-masonry-image-container' style=\"background-image: url(https:\/\/www.honorarkonsul-albanien-nrw.de\/wp-content\/uploads\/2025\/05\/photo-1516383274235-5f42d6c6426d-705x468.jpeg);\"  title=\"Arsimi &#038; k\u00ebrkimi shkencor\"  ><\/div><\/div><figcaption class='av-inner-masonry-content site-background'><div class='av-inner-masonry-content-pos'><div class='av-inner-masonry-content-pos-content'><div class='avia-arrow'><\/div><h3 class='av-masonry-entry-title entry-title '  itemprop=\"headline\" >Arsimi &#038; k\u00ebrkimi shkencor<\/h3><div class='av-masonry-entry-content entry-content'  itemprop=\"text\" >Investoni n\u00eb arsim p\u00ebr t\u00eb nd\u00ebrtuar nj\u00eb t\u00eb ardhme t\u00eb q\u00ebndrueshme dhe inovative p\u00ebr brezat e ardhsh\u00ebm.<\/div><\/div><\/div><\/figcaption><\/figure><\/a><!--end av-masonry entry--><\/div><\/div>\n","protected":false},"excerpt":{"rendered":"","protected":false},"author":1,"featured_media":0,"parent":325,"menu_order":0,"comment_status":"closed","ping_status":"closed","template":"","meta":{"footnotes":""},"class_list":["post-503","page","type-page","status-publish","hentry"],"_links":{"self":[{"href":"https:\/\/www.honorarkonsul-albanien-nrw.de\/sq\/wp-json\/wp\/v2\/pages\/503","targetHints":{"allow":["GET"]}}],"collection":[{"href":"https:\/\/www.honorarkonsul-albanien-nrw.de\/sq\/wp-json\/wp\/v2\/pages"}],"about":[{"href":"https:\/\/www.honorarkonsul-albanien-nrw.de\/sq\/wp-json\/wp\/v2\/types\/page"}],"author":[{"embeddable":true,"href":"https:\/\/www.honorarkonsul-albanien-nrw.de\/sq\/wp-json\/wp\/v2\/users\/1"}],"replies":[{"embeddable":true,"href":"https:\/\/www.honorarkonsul-albanien-nrw.de\/sq\/wp-json\/wp\/v2\/comments?post=503"}],"version-history":[{"count":5,"href":"https:\/\/www.honorarkonsul-albanien-nrw.de\/sq\/wp-json\/wp\/v2\/pages\/503\/revisions"}],"predecessor-version":[{"id":678,"href":"https:\/\/www.honorarkonsul-albanien-nrw.de\/sq\/wp-json\/wp\/v2\/pages\/503\/revisions\/678"}],"up":[{"embeddable":true,"href":"https:\/\/www.honorarkonsul-albanien-nrw.de\/sq\/wp-json\/wp\/v2\/pages\/325"}],"wp:attachment":[{"href":"https:\/\/www.honorarkonsul-albanien-nrw.de\/sq\/wp-json\/wp\/v2\/media?parent=503"}],"curies":[{"name":"wp","href":"https:\/\/api.w.org\/{rel}","templated":true}]}}