{"id":493,"date":"2025-05-07T10:10:42","date_gmt":"2025-05-07T10:10:42","guid":{"rendered":"https:\/\/dev.honorarkonsul-albanien-nrw.de\/mundesi-bashkepunimi\/ndermarrjet-e-reja-dhe-sipermarrja\/"},"modified":"2025-05-16T13:23:02","modified_gmt":"2025-05-16T13:23:02","slug":"ndermarrjet-e-reja-dhe-sipermarrja","status":"publish","type":"page","link":"https:\/\/www.honorarkonsul-albanien-nrw.de\/sq\/mundesi-bashkepunimi\/ndermarrjet-e-reja-dhe-sipermarrja\/","title":{"rendered":"Nd\u00ebrmarrjet e reja &amp; sip\u00ebrmarrja"},"content":{"rendered":"<div  class='flex_column av-vbxur-06b0d640aacd70d631e364bdee261931 av_one_fifth  avia-builder-el-0  el_before_av_three_fifth  avia-builder-el-first  first flex_column_div  '     ><\/div>\n<div  class='flex_column av-2nli3-cb6164efa80e53a7b8339eddf5c19feb av_three_fifth  avia-builder-el-1  el_after_av_one_fifth  el_before_av_one_fifth  flex_column_div  '     ><p>\n<style type=\"text\/css\" data-created_by=\"avia_inline_auto\" id=\"style-css-av-mads2j39-77daf68fa6afb399e8c230149088a813\">\n#top .av-special-heading.av-mads2j39-77daf68fa6afb399e8c230149088a813{\npadding-bottom:10px;\n}\nbody .av-special-heading.av-mads2j39-77daf68fa6afb399e8c230149088a813 .av-special-heading-tag .heading-char{\nfont-size:25px;\n}\n.av-special-heading.av-mads2j39-77daf68fa6afb399e8c230149088a813 .av-subheading{\nfont-size:15px;\n}\n<\/style>\n<div  class='av-special-heading av-mads2j39-77daf68fa6afb399e8c230149088a813 av-special-heading-h1 blockquote modern-quote modern-centered  avia-builder-el-2  el_before_av_textblock  avia-builder-el-first '><h1 class='av-special-heading-tag'  itemprop=\"headline\"  >Nd\u00ebrmarrjet e reja <span class='special_amp'>&amp;<\/span> sip\u00ebrmarrja<\/h1><div class=\"special-heading-border\"><div class=\"special-heading-inner-border\"><\/div><\/div><\/div><br \/>\n<section  class='av_textblock_section av-ku057-e45a237681a9729840a9d33b739db0d7 '   itemscope=\"itemscope\" itemtype=\"https:\/\/schema.org\/CreativeWork\" ><div class='avia_textblock'  itemprop=\"text\" ><h3>Me kosto t\u00eb ul\u00ebta operimi, fuqi pun\u00ebtore t\u00eb kualifikuar dhe shum\u00ebgjuh\u00ebshe, si dhe mb\u00ebshtetje t\u00eb synuar shtet\u00ebrore, vendi ofron nj\u00eb mjedis ideal p\u00ebr nd\u00ebrmarrjet e reja dhe investitor\u00ebt n\u00eb fazat e hershme.<\/h3>\n<p><strong>Arsye p\u00ebr t\u00eb ngritur nj\u00eb sip\u00ebrmarrje n\u00eb Shqip\u00ebri<\/strong><\/p>\n<ul>\n<li>Tatim mbi fitimin prej vet\u00ebm 5% p\u00ebr veprimtarit\u00eb teknologjike dhe inovative<\/li>\n<li>T\u00eb ardhurat n\u00ebn 30.000 lek\u00eb n\u00eb muaj (~290 \u20ac) p\u00ebrjashtohen nga tatimi mbi t\u00eb ardhurat<\/li>\n<li>TVSH e reduktuar p\u00ebr sh\u00ebrbime t\u00eb caktuara dixhitale dhe kreative<\/li>\n<li>Mund\u00ebsi p\u00ebr marrjen simbolike me qira t\u00eb tokave shtet\u00ebrore p\u00ebr 1 euro n\u00eb vit<\/li>\n<li>Programe mb\u00ebshtetjeje financiare nga Ministria e Pun\u00ebs dhe AIDA<\/li>\n<li>Mb\u00ebshtetje nga niveli komb\u00ebtar dhe financim nga programi IPARD III p\u00ebr projekte q\u00eb lidhen me inovacionin n\u00eb zonat rurale dhe agrobiznesin<\/li>\n<li>Shkall\u00eb e lart\u00eb dixhitalizimi n\u00eb administrat\u00eb dhe shoq\u00ebri<\/li>\n<li>Programe mb\u00ebshtet\u00ebse p\u00ebr grat\u00eb sip\u00ebrmarr\u00ebse t\u00eb reja, shtetasit e rikthyer nga emigrimi si dhe p\u00ebr nd\u00ebrmarrjet e reja me mision social<\/li>\n<\/ul>\n<h3>Tirana konsiderohet si nj\u00eb qend\u00ebr dinamike p\u00ebr start-up-et n\u00eb Evrop\u00ebn Juglindore<\/h3>\n<p>Qendrat aktive t\u00eb sip\u00ebrmarrjes dhe inovacionit si Techspace, Coolab, Ofi\u00e7ina dhe EU4Innovation mb\u00ebshtesin nd\u00ebrmarrjet e reja me infrastruktur\u00eb, mentorim dhe qasje te investitor\u00ebt<\/p>\n<p>P\u00ebr m\u00eb tep\u00ebr, ekzistojn\u00eb shum\u00eb partneritete me aktor\u00eb nd\u00ebrkomb\u00ebtar\u00eb si GIZ, KfW, DAAD, EU4Tech dhe fondacione private q\u00eb mb\u00ebshtesin drejtp\u00ebrdrejt sektorin e start-up-eve<\/p>\n<p>Universitetet shqiptare po orientohen gjithnj\u00eb e m\u00eb shum\u00eb drejt zhvillimit t\u00eb aft\u00ebsive sip\u00ebrmarr\u00ebse dhe dixhitale n\u00eb programet e tyre akademike<\/p>\n<p><strong>Fusha prioritare me potencial zhvillimi<\/strong><\/p>\n<ul>\n<li>Zgjidhje dixhitale dhe Software si Sh\u00ebrbim (SaaS)<\/li>\n<li>Zhvillimi i bujq\u00ebsis\u00eb s\u00eb q\u00ebndrueshme dhe p\u00ebrdorimi i teknologjive agrare<\/li>\n<li>Agroturiz\u00ebm dhe zhvillim rural<\/li>\n<li>Industria kreative, dizajni, mediat vizuale<\/li>\n<li>E-Commerce, FinTech, EdTech<\/li>\n<li>GreenTech dhe energjit\u00eb e rinovueshme<\/li>\n<\/ul>\n<h2>Kontakt:<\/h2>\n<p>Po planifikoni t\u00eb krijoni nj\u00eb start-up n\u00eb Shqip\u00ebri apo t\u00eb zgjeroni nj\u00eb projekt ekzistues?<br \/>\nNe ju mb\u00ebshtesim n\u00eb orientimin n\u00eb terren, nd\u00ebrtimin e partneriteteve lokale si dhe n\u00eb qasjen te fondet mb\u00ebshtet\u00ebse dhe institucionet.<\/p>\n<p>Na kontaktoni me k\u00ebnaq\u00ebsi p\u00ebr nj\u00eb bised\u00eb k\u00ebshillimi pa asnj\u00eb detyrim.<\/p>\n<\/div><\/section><\/p><\/div><div  class='flex_column av-ggpc3-3888ff3b8bf6a0818ca921f41695fcc5 av_one_fifth  avia-builder-el-4  el_after_av_three_fifth  el_before_av_masonry_gallery  avia-builder-el-last  flex_column_div  '     ><\/div><\/p>\n<div id='av-masonry-1' class='av-masonry av-bic1f-856b71fc74cb703da03c73b0e1bfa46d noHover av-fixed-size av-large-gap av-hover-overlay-active av-masonry-animation-active av-masonry-col-5 av-caption-always av-caption-style-overlay av-masonry-gallery av-orientation-portrait ' data-post_id=\"493\"><div class=\"av-masonry-container isotope av-js-disabled\"><div class='av-masonry-entry isotope-item av-masonry-item-no-image '><\/div><a href=\"https:\/\/www.honorarkonsul-albanien-nrw.de\/sq\/mundesi-bashkepunimi\/Teknologjia dhe dixhitalizimi\/\"  aria-label=\"image Teknologjia &#038; dixhitalizimi\"  id='av-masonry-1-item-266' data-av-masonry-item='266' class='av-masonry-entry isotope-item post-266 attachment type-attachment status-inherit hentry  av-masonry-item-with-image' title=\"Teknologjia &#038; dixhitalizimi\" alt=\"\"  data-av-masonry-custom-link=\"https:\/\/www.honorarkonsul-albanien-nrw.de\/sq\/mundesi-bashkepunimi\/Teknologjia%20dhe%20dixhitalizimi\/\"  itemprop=\"thumbnailUrl\" ><div class='av-inner-masonry-sizer'><\/div><figure class='av-inner-masonry main_color'><div class=\"av-masonry-outerimage-container\"><div class='av-masonry-image-container' style=\"background-image: url(https:\/\/www.honorarkonsul-albanien-nrw.de\/wp-content\/uploads\/2025\/05\/photo-1589828994379-7a8869c4f519-705x449.jpeg);\"  title=\"Teknologjia &#038; dixhitalizimi\"  ><\/div><\/div><figcaption class='av-inner-masonry-content site-background'><div class='av-inner-masonry-content-pos'><div class='av-inner-masonry-content-pos-content'><div class='avia-arrow'><\/div><h3 class='av-masonry-entry-title entry-title '  itemprop=\"headline\" >Teknologjia &#038; dixhitalizimi<\/h3><div class='av-masonry-entry-content entry-content'  itemprop=\"text\" >Nxitni shk\u00ebmbimin dhe zhvillimin e teknologjive inovative midis Shqip\u00ebris\u00eb dhe Nordrhein-Westfalen-it.<\/div><\/div><\/div><\/figcaption><\/figure><\/a><!--end av-masonry entry--><a href=\"https:\/\/www.honorarkonsul-albanien-nrw.de\/sq\/mundesi-bashkepunimi\/industria-dhe-infrastruktura\/\"  aria-label=\"image Industria &#038; Infrastruktura\"  id='av-masonry-1-item-264' data-av-masonry-item='264' class='av-masonry-entry isotope-item post-264 attachment type-attachment status-inherit hentry  av-masonry-item-with-image' title=\"Industria &#038; Infrastruktura\" alt=\"\"  data-av-masonry-custom-link=\"https:\/\/www.honorarkonsul-albanien-nrw.de\/sq\/mundesi-bashkepunimi\/industria-dhe-infrastruktura\/\"  itemprop=\"thumbnailUrl\" ><div class='av-inner-masonry-sizer'><\/div><figure class='av-inner-masonry main_color'><div class=\"av-masonry-outerimage-container\"><div class='av-masonry-image-container' style=\"background-image: url(https:\/\/www.honorarkonsul-albanien-nrw.de\/wp-content\/uploads\/2025\/05\/photo-1523413184730-e85dbbd04aba-470x705.jpeg);\"  title=\"Industria &#038; Infrastruktura\"  ><\/div><\/div><figcaption class='av-inner-masonry-content site-background'><div class='av-inner-masonry-content-pos'><div class='av-inner-masonry-content-pos-content'><div class='avia-arrow'><\/div><h3 class='av-masonry-entry-title entry-title '  itemprop=\"headline\" >Industria &#038; Infrastruktura<\/h3><div class='av-masonry-entry-content entry-content'  itemprop=\"text\" >Angazhohuni n\u00eb projekte p\u00ebr zhvillimin e infrastruktur\u00ebs dhe krijimin e lidhjeve afatgjata e t\u00eb q\u00ebndrueshme.<\/div><\/div><\/div><\/figcaption><\/figure><\/a><!--end av-masonry entry--><a href=\"https:\/\/www.honorarkonsul-albanien-nrw.de\/sq\/mundesi-bashkepunimi\/turizmi\/\/\"  aria-label=\"image Turizmi\"  id='av-masonry-1-item-262' data-av-masonry-item='262' class='av-masonry-entry isotope-item post-262 attachment type-attachment status-inherit hentry  av-masonry-item-with-image' title=\"Turizmi\" alt=\"\"  data-av-masonry-custom-link=\"https:\/\/www.honorarkonsul-albanien-nrw.de\/sq\/mundesi-bashkepunimi\/turizmi\/\/\"  itemprop=\"thumbnailUrl\" ><div class='av-inner-masonry-sizer'><\/div><figure class='av-inner-masonry main_color'><div class=\"av-masonry-outerimage-container\"><div class='av-masonry-image-container' style=\"background-image: url(https:\/\/www.honorarkonsul-albanien-nrw.de\/wp-content\/uploads\/2025\/05\/photo-1444927714506-8492d94b4e3d-705x467.jpeg);\"  title=\"Turizmi\"  ><\/div><\/div><figcaption class='av-inner-masonry-content site-background'><div class='av-inner-masonry-content-pos'><div class='av-inner-masonry-content-pos-content'><div class='avia-arrow'><\/div><h3 class='av-masonry-entry-title entry-title '  itemprop=\"headline\" >Turizmi<\/h3><div class='av-masonry-entry-content entry-content'  itemprop=\"text\" >Mb\u00ebshtesni nismat p\u00ebr promovimin e turizmit dhe zbuloni bukurit\u00eb e Shqip\u00ebris\u00eb.<\/div><\/div><\/div><\/figcaption><\/figure><\/a><!--end av-masonry entry--><a href=\"https:\/\/www.honorarkonsul-albanien-nrw.de\/sq\/mundesi-bashkepunimi\/ndermarrjet-e-reja-dhe-sipermarrja\/\"  aria-label=\"image Nd\u00ebrmarrjet e reja &#038; sip\u00ebrmarrja\"  id='av-masonry-1-item-260' data-av-masonry-item='260' class='av-masonry-entry isotope-item post-260 attachment type-attachment status-inherit hentry  av-masonry-item-with-image' title=\"Nd\u00ebrmarrjet e reja &#038; sip\u00ebrmarrja\" alt=\"\"  data-av-masonry-custom-link=\"https:\/\/www.honorarkonsul-albanien-nrw.de\/sq\/mundesi-bashkepunimi\/ndermarrjet-e-reja-dhe-sipermarrja\/\"  itemprop=\"thumbnailUrl\" ><div class='av-inner-masonry-sizer'><\/div><figure class='av-inner-masonry main_color'><div class=\"av-masonry-outerimage-container\"><div class='av-masonry-image-container' style=\"background-image: url(https:\/\/www.honorarkonsul-albanien-nrw.de\/wp-content\/uploads\/2025\/05\/photo-1553484771-898ed465e931-705x470.jpeg);\"  title=\"Nd\u00ebrmarrjet e reja &#038; sip\u00ebrmarrja\"  ><\/div><\/div><figcaption class='av-inner-masonry-content site-background'><div class='av-inner-masonry-content-pos'><div class='av-inner-masonry-content-pos-content'><div class='avia-arrow'><\/div><h3 class='av-masonry-entry-title entry-title '  itemprop=\"headline\" >Nd\u00ebrmarrjet e reja &#038; sip\u00ebrmarrja<\/h3><div class='av-masonry-entry-content entry-content'  itemprop=\"text\" >Mund\u00ebsojini nd\u00ebrmarrjeve t\u00eb reja t\u00eb realizojn\u00eb idet\u00eb e tyre dhe t\u00eb dep\u00ebrtojn\u00eb n\u00eb tregjet nd\u00ebrkomb\u00ebtare.<\/div><\/div><\/div><\/figcaption><\/figure><\/a><!--end av-masonry entry--><a href=\"https:\/\/www.honorarkonsul-albanien-nrw.de\/sq\/mundesi-bashkepunimi\/arsimi-dhe-kerkimi-shkencor\/\"  aria-label=\"image Arsimi &#038; k\u00ebrkimi shkencor\"  id='av-masonry-1-item-258' data-av-masonry-item='258' class='av-masonry-entry isotope-item post-258 attachment type-attachment status-inherit hentry  av-masonry-item-with-image' title=\"Arsimi &#038; k\u00ebrkimi shkencor\" alt=\"\"  data-av-masonry-custom-link=\"https:\/\/www.honorarkonsul-albanien-nrw.de\/sq\/mundesi-bashkepunimi\/arsimi-dhe-kerkimi-shkencor\/\"  itemprop=\"thumbnailUrl\" ><div class='av-inner-masonry-sizer'><\/div><figure class='av-inner-masonry main_color'><div class=\"av-masonry-outerimage-container\"><div class='av-masonry-image-container' style=\"background-image: url(https:\/\/www.honorarkonsul-albanien-nrw.de\/wp-content\/uploads\/2025\/05\/photo-1516383274235-5f42d6c6426d-705x468.jpeg);\"  title=\"Arsimi &#038; k\u00ebrkimi shkencor\"  ><\/div><\/div><figcaption class='av-inner-masonry-content site-background'><div class='av-inner-masonry-content-pos'><div class='av-inner-masonry-content-pos-content'><div class='avia-arrow'><\/div><h3 class='av-masonry-entry-title entry-title '  itemprop=\"headline\" >Arsimi &#038; k\u00ebrkimi shkencor<\/h3><div class='av-masonry-entry-content entry-content'  itemprop=\"text\" >Investoni n\u00eb arsim p\u00ebr t\u00eb nd\u00ebrtuar nj\u00eb t\u00eb ardhme t\u00eb q\u00ebndrueshme dhe inovative p\u00ebr brezat e ardhsh\u00ebm.<\/div><\/div><\/div><\/figcaption><\/figure><\/a><!--end av-masonry entry--><\/div><\/div>\n","protected":false},"excerpt":{"rendered":"","protected":false},"author":1,"featured_media":0,"parent":325,"menu_order":0,"comment_status":"closed","ping_status":"closed","template":"","meta":{"footnotes":""},"class_list":["post-493","page","type-page","status-publish","hentry"],"_links":{"self":[{"href":"https:\/\/www.honorarkonsul-albanien-nrw.de\/sq\/wp-json\/wp\/v2\/pages\/493","targetHints":{"allow":["GET"]}}],"collection":[{"href":"https:\/\/www.honorarkonsul-albanien-nrw.de\/sq\/wp-json\/wp\/v2\/pages"}],"about":[{"href":"https:\/\/www.honorarkonsul-albanien-nrw.de\/sq\/wp-json\/wp\/v2\/types\/page"}],"author":[{"embeddable":true,"href":"https:\/\/www.honorarkonsul-albanien-nrw.de\/sq\/wp-json\/wp\/v2\/users\/1"}],"replies":[{"embeddable":true,"href":"https:\/\/www.honorarkonsul-albanien-nrw.de\/sq\/wp-json\/wp\/v2\/comments?post=493"}],"version-history":[{"count":9,"href":"https:\/\/www.honorarkonsul-albanien-nrw.de\/sq\/wp-json\/wp\/v2\/pages\/493\/revisions"}],"predecessor-version":[{"id":688,"href":"https:\/\/www.honorarkonsul-albanien-nrw.de\/sq\/wp-json\/wp\/v2\/pages\/493\/revisions\/688"}],"up":[{"embeddable":true,"href":"https:\/\/www.honorarkonsul-albanien-nrw.de\/sq\/wp-json\/wp\/v2\/pages\/325"}],"wp:attachment":[{"href":"https:\/\/www.honorarkonsul-albanien-nrw.de\/sq\/wp-json\/wp\/v2\/media?parent=493"}],"curies":[{"name":"wp","href":"https:\/\/api.w.org\/{rel}","templated":true}]}}