{"id":486,"date":"2025-05-07T10:11:00","date_gmt":"2025-05-07T10:11:00","guid":{"rendered":"https:\/\/dev.honorarkonsul-albanien-nrw.de\/mundesi-bashkepunimi\/arsimi-dhe-kerkimi-shkencor\/"},"modified":"2025-05-16T12:07:53","modified_gmt":"2025-05-16T12:07:53","slug":"arsimi-dhe-kerkimi-shkencor","status":"publish","type":"page","link":"https:\/\/www.honorarkonsul-albanien-nrw.de\/sq\/mundesi-bashkepunimi\/arsimi-dhe-kerkimi-shkencor\/","title":{"rendered":"Arsimi &amp; k\u00ebrkimi shkencor"},"content":{"rendered":"<div  class='flex_column av-11k5m6-1060a9fb5d82d0a1d1f8ba2da2ed0f52 av_one_fifth  avia-builder-el-0  el_before_av_three_fifth  avia-builder-el-first  first flex_column_div  '     ><\/div>\n<div  class='flex_column av-vx0ce-38840aaa3261c09cabfe12afc15cbb07 av_three_fifth  avia-builder-el-1  el_after_av_one_fifth  el_before_av_one_fifth  flex_column_div  '     ><p>\n<style type=\"text\/css\" data-created_by=\"avia_inline_auto\" id=\"style-css-av-sbqsm-cfdacb8e68826107e42280529177545e\">\n#top .av-special-heading.av-sbqsm-cfdacb8e68826107e42280529177545e{\npadding-bottom:10px;\n}\nbody .av-special-heading.av-sbqsm-cfdacb8e68826107e42280529177545e .av-special-heading-tag .heading-char{\nfont-size:25px;\n}\n.av-special-heading.av-sbqsm-cfdacb8e68826107e42280529177545e .av-subheading{\nfont-size:15px;\n}\n<\/style>\n<div  class='av-special-heading av-sbqsm-cfdacb8e68826107e42280529177545e av-special-heading-h1 blockquote modern-quote modern-centered  avia-builder-el-2  el_before_av_textblock  avia-builder-el-first '><h1 class='av-special-heading-tag'  itemprop=\"headline\"  >Arsimi <span class='special_amp'>&amp;<\/span> k\u00ebrkimi shkencor<\/h1><div class=\"special-heading-border\"><div class=\"special-heading-inner-border\"><\/div><\/div><\/div><br \/>\n<section  class='av_textblock_section av-6ovy-d310f0b98d8a5b1dfd7e7493388169f2 '   itemscope=\"itemscope\" itemtype=\"https:\/\/schema.org\/CreativeWork\" ><div class='avia_textblock'  itemprop=\"text\" ><h3>Shqip\u00ebria po modernizon sistemin e saj arsimor dhe po mb\u00ebshtet n\u00eb m\u00ebnyr\u00eb t\u00eb synuar k\u00ebrkimin shkencor dhe inovacionin. Mund\u00ebsi t\u00eb shumta bashk\u00ebpunimi p\u00ebr universitetet, institutet dhe fondacionet gjermane.<\/h3>\n<p><strong>Forcim t\u00eb sistemit arsimor shqiptar dhe t\u00eb k\u00ebrkimeve shkencore.<\/strong><\/p>\n<ul>\n<li>Mbi 45% e popullsis\u00eb \u00ebsht\u00eb n\u00ebn 35 vjec.<\/li>\n<li>Shkall\u00eb e lart\u00eb e alfabetizimit: 97,6\u202f%.<\/li>\n<li>Rreth 20 universitete shtet\u00ebrore dhe private me nj\u00eb orientim n\u00eb rritje drejt shkencave MINT (Matematik\u00eb, Informatik\u00eb, Shkenca natyrore dhe Teknologji).<\/li>\n<li>Universiteti Politeknik i Tiran\u00ebs konsiderohet si institucion kryesor teknik n\u00eb vend.<\/li>\n<li>Bashk\u00ebpunime t\u00eb ngushta me programet e EU-s\u00eb si Erasmus+, Horizon Europe, IPA III<\/li>\n<li>Zgjerim i arsimit profesional dual n\u00eb bashk\u00ebpunim me Gjermanin\u00eb (p.sh. GIZ, KfW).<\/li>\n<li>Institucione t\u00eb specializuara t\u00eb arsimit profesional n\u00eb fushat e teknologjis\u00eb, IT-s\u00eb, turizmit dhe bujq\u00ebsis\u00eb.<\/li>\n<li>Qendra k\u00ebrkimore dhe inovacioni n\u00eb nd\u00ebrtim e sip\u00ebr, t\u00eb mb\u00ebshtetura nga shteti.<\/li>\n<\/ul>\n<p><strong>Bashk\u00ebpunim nd\u00ebrkomb\u00ebtar<\/strong><\/p>\n<p>Shqip\u00ebria \u00ebsht\u00eb e angazhuar n\u00eb m\u00ebnyr\u00eb aktive n\u00eb shum\u00eb iniciativa arsimore dhe k\u00ebrkimore evropiane dhe rajonale. Institucione gjermane si GIZ, DAAD apo Instituti Goethe mb\u00ebshtesin programe p\u00ebr zhvillimin e universiteteve, formimin e specialist\u00ebve dhe nxitjen e inovacionit.<\/p>\n<p>Ekzistojn\u00eb mund\u00ebsi t\u00eb ve\u00e7anta p\u00ebr projekte t\u00eb p\u00ebrbashk\u00ebta k\u00ebrkimore, nd\u00ebrtimin e klaster\u00ebve t\u00eb inovacionit si dhe transferimin e dijes n\u00eb fushat e dixhitalizimit, q\u00ebndrueshm\u00ebris\u00eb, energjis\u00eb dhe sh\u00ebndet\u00ebsis\u00eb.<\/p>\n<\/div><\/section><\/p><\/div>\n<div  class='flex_column av-1jcfi-54aa33aa5f51c02cfa9032f03aa975de av_one_fifth  avia-builder-el-4  el_after_av_three_fifth  el_before_av_one_half  flex_column_div  '     ><\/div>\n<div  class='flex_column av-fsyee-310ca4ecc631889ad13ec7d95b0a1980 av_one_half  avia-builder-el-5  el_after_av_one_fifth  el_before_av_one_half  first flex_column_div  column-top-margin'     ><section  class='av_textblock_section av-mapg99lw-a31aef5308949a993aa6059001ed3704 '   itemscope=\"itemscope\" itemtype=\"https:\/\/schema.org\/CreativeWork\" ><div class='avia_textblock'  itemprop=\"text\" ><h2><strong>Inovacioni<\/strong><\/h2>\n<p>N\u00eb prill 2025, Prof. Dr. Thomas Druyen, n\u00eb cil\u00ebsin\u00eb e tij si konsull nderi, vizitoi Universitetin e Arteve n\u00eb Tiran\u00eb dhe mbajti nj\u00eb ligj\u00ebrat\u00eb shum\u00eb t\u00eb vler\u00ebsuar me titullin:<br \/>\n&#8220;Ndryshimi m\u00eb i madh n\u00eb histori: Pasojat psikologjike t\u00eb Inteligjenc\u00ebs Artificiale&#8221;<\/p>\n<p>N\u00eb ligj\u00ebrat\u00ebn e tij, Prof. Druyen trajtoi nd\u00ebrveprimet mes zhvillimit teknologjik dhe shprehjes artistike, si edhe p\u00ebrgjegj\u00ebsin\u00eb shoq\u00ebrore n\u00eb p\u00ebrdorimin e Inteligjenc\u00ebs Artificiale.<\/p>\n<p>Aktiviteti bashkoi student\u00eb, studiues dhe krijues kulturor\u00eb, duke nxitur shk\u00ebmbimin nd\u00ebrdisiplinor midis Gjermanis\u00eb dhe Shqip\u00ebris\u00eb.<\/p>\n<\/div><\/section><\/div>\n<div  class='flex_column av-861sm-0b08f4d00e92f5a02b377d2aa2f2699f av_one_half  avia-builder-el-7  el_after_av_one_half  el_before_av_masonry_gallery  avia-builder-el-last  flex_column_div  column-top-margin'     ><style type=\"text\/css\" data-created_by=\"avia_inline_auto\" id=\"style-css-av-mapgezmb-7ba45165ab19c4a75a0fd4c30d16c2dd\">\n.av-horizontal-gallery.av-mapgezmb-7ba45165ab19c4a75a0fd4c30d16c2dd{\npadding:7.5% 0px;;\n}\n.av-horizontal-gallery.av-mapgezmb-7ba45165ab19c4a75a0fd4c30d16c2dd .av-horizontal-gallery-inner{\npadding-bottom:50%;\n}\n<\/style>\n<div  class='av-horizontal-gallery av-mapgezmb-7ba45165ab19c4a75a0fd4c30d16c2dd av-horizontal-gallery-large-gap av-horizontal-gallery-enlarge-effect  avia-builder-el-8  avia-builder-el-no-sibling  av-slideshow-ui av-control-default av-slideshow-manual av-loop-once av-loop-manual-once av-horizontal-gallery-1' data-slideshow-data=\"{&quot;enlarge&quot;:1.3,&quot;animation&quot;:&quot;slide&quot;,&quot;autoplay&quot;:false,&quot;loop_autoplay&quot;:&quot;once&quot;,&quot;interval&quot;:5,&quot;loop_manual&quot;:&quot;manual-once&quot;,&quot;autoplay_stopper&quot;:false,&quot;noNavigation&quot;:false,&quot;bg_slider&quot;:false,&quot;keep_padding&quot;:&quot;&quot;,&quot;hoverpause&quot;:false,&quot;show_slide_delay&quot;:0}\"  itemprop=\"image\" itemscope=\"itemscope\" itemtype=\"https:\/\/schema.org\/ImageObject\" ><div class='avia-slideshow-arrows avia-slideshow-controls' ><a href='#prev' class='prev-slide av-horizontal-gallery-prev' aria-hidden='true' data-av_icon='\ue87c' data-av_iconfont='entypo-fontello'  tabindex='-1'>Previous<\/a><a href='#next' class='next-slide av-horizontal-gallery-next' aria-hidden='true' data-av_icon='\ue87d' data-av_iconfont='entypo-fontello'  tabindex='-1'>Next<\/a><\/div><div class='avia-slideshow-dots avia-slideshow-controls av-horizontal-gallery-dots fade-in'><a href='#1' class='goto-slide active' >1<\/a><a href='#2' class='goto-slide ' >2<\/a><a href='#3' class='goto-slide ' >3<\/a><a href='#4' class='goto-slide ' >4<\/a><a href='#5' class='goto-slide ' >5<\/a><\/div><div class='av-horizontal-gallery-inner' data-av-height='50'><div class=\"av-horizontal-gallery-slider\"><div class=\"av-horizontal-gallery-wrap noHover\"><img decoding=\"async\" fetchpriority=\"high\" class='wp-image-443 avia-img-lazy-loading-not-443 av-horizontal-gallery-img' width=\"714\" height=\"569\" src=\"https:\/\/www.honorarkonsul-albanien-nrw.de\/wp-content\/uploads\/2025\/05\/Screenshot-2025-05-15-161453.png\" title='' alt='' srcset=\"https:\/\/www.honorarkonsul-albanien-nrw.de\/wp-content\/uploads\/2025\/05\/Screenshot-2025-05-15-161453.png 714w, https:\/\/www.honorarkonsul-albanien-nrw.de\/wp-content\/uploads\/2025\/05\/Screenshot-2025-05-15-161453-300x239.png 300w, https:\/\/www.honorarkonsul-albanien-nrw.de\/wp-content\/uploads\/2025\/05\/Screenshot-2025-05-15-161453-705x562.png 705w\" sizes=\"(max-width: 714px) 100vw, 714px\" \/><a href=\"https:\/\/www.honorarkonsul-albanien-nrw.de\/wp-content\/uploads\/2025\/05\/Screenshot-2025-05-15-161453.png\" data-srcset=\"https:\/\/www.honorarkonsul-albanien-nrw.de\/wp-content\/uploads\/2025\/05\/Screenshot-2025-05-15-161453.png 714w, https:\/\/www.honorarkonsul-albanien-nrw.de\/wp-content\/uploads\/2025\/05\/Screenshot-2025-05-15-161453-300x239.png 300w, https:\/\/www.honorarkonsul-albanien-nrw.de\/wp-content\/uploads\/2025\/05\/Screenshot-2025-05-15-161453-705x562.png 705w\" data-sizes=\"(max-width: 714px) 100vw, 714px\" class='av-horizontal-gallery-link' aria-hidden='true' data-av_icon='\ue869' data-av_iconfont='entypo-fontello' title='' alt=''><\/a><\/div><div class=\"av-horizontal-gallery-wrap noHover\"><img decoding=\"async\" fetchpriority=\"high\" class='wp-image-446 avia-img-lazy-loading-not-446 av-horizontal-gallery-img' width=\"722\" height=\"566\" src=\"https:\/\/www.honorarkonsul-albanien-nrw.de\/wp-content\/uploads\/2025\/05\/Screenshot-2025-05-15-161508.png\" title='' alt='' srcset=\"https:\/\/www.honorarkonsul-albanien-nrw.de\/wp-content\/uploads\/2025\/05\/Screenshot-2025-05-15-161508.png 722w, https:\/\/www.honorarkonsul-albanien-nrw.de\/wp-content\/uploads\/2025\/05\/Screenshot-2025-05-15-161508-300x235.png 300w, https:\/\/www.honorarkonsul-albanien-nrw.de\/wp-content\/uploads\/2025\/05\/Screenshot-2025-05-15-161508-705x553.png 705w\" sizes=\"(max-width: 722px) 100vw, 722px\" \/><a href=\"https:\/\/www.honorarkonsul-albanien-nrw.de\/wp-content\/uploads\/2025\/05\/Screenshot-2025-05-15-161508.png\" data-srcset=\"https:\/\/www.honorarkonsul-albanien-nrw.de\/wp-content\/uploads\/2025\/05\/Screenshot-2025-05-15-161508.png 722w, https:\/\/www.honorarkonsul-albanien-nrw.de\/wp-content\/uploads\/2025\/05\/Screenshot-2025-05-15-161508-300x235.png 300w, https:\/\/www.honorarkonsul-albanien-nrw.de\/wp-content\/uploads\/2025\/05\/Screenshot-2025-05-15-161508-705x553.png 705w\" data-sizes=\"(max-width: 722px) 100vw, 722px\" class='av-horizontal-gallery-link' aria-hidden='true' data-av_icon='\ue869' data-av_iconfont='entypo-fontello' title='' alt=''><\/a><\/div><div class=\"av-horizontal-gallery-wrap noHover\"><img decoding=\"async\" fetchpriority=\"high\" class='wp-image-449 avia-img-lazy-loading-not-449 av-horizontal-gallery-img' width=\"729\" height=\"583\" src=\"https:\/\/www.honorarkonsul-albanien-nrw.de\/wp-content\/uploads\/2025\/05\/Screenshot-2025-05-15-161518.png\" title='' alt='' srcset=\"https:\/\/www.honorarkonsul-albanien-nrw.de\/wp-content\/uploads\/2025\/05\/Screenshot-2025-05-15-161518.png 729w, https:\/\/www.honorarkonsul-albanien-nrw.de\/wp-content\/uploads\/2025\/05\/Screenshot-2025-05-15-161518-300x240.png 300w, https:\/\/www.honorarkonsul-albanien-nrw.de\/wp-content\/uploads\/2025\/05\/Screenshot-2025-05-15-161518-705x564.png 705w\" sizes=\"(max-width: 729px) 100vw, 729px\" \/><a href=\"https:\/\/www.honorarkonsul-albanien-nrw.de\/wp-content\/uploads\/2025\/05\/Screenshot-2025-05-15-161518.png\" data-srcset=\"https:\/\/www.honorarkonsul-albanien-nrw.de\/wp-content\/uploads\/2025\/05\/Screenshot-2025-05-15-161518.png 729w, https:\/\/www.honorarkonsul-albanien-nrw.de\/wp-content\/uploads\/2025\/05\/Screenshot-2025-05-15-161518-300x240.png 300w, https:\/\/www.honorarkonsul-albanien-nrw.de\/wp-content\/uploads\/2025\/05\/Screenshot-2025-05-15-161518-705x564.png 705w\" data-sizes=\"(max-width: 729px) 100vw, 729px\" class='av-horizontal-gallery-link' aria-hidden='true' data-av_icon='\ue869' data-av_iconfont='entypo-fontello' title='' alt=''><\/a><\/div><div class=\"av-horizontal-gallery-wrap noHover\"><img decoding=\"async\" fetchpriority=\"high\" class='wp-image-455 avia-img-lazy-loading-not-455 av-horizontal-gallery-img' width=\"725\" height=\"566\" src=\"https:\/\/www.honorarkonsul-albanien-nrw.de\/wp-content\/uploads\/2025\/05\/Screenshot-2025-05-15-161911.png\" title='' alt='' srcset=\"https:\/\/www.honorarkonsul-albanien-nrw.de\/wp-content\/uploads\/2025\/05\/Screenshot-2025-05-15-161911.png 725w, https:\/\/www.honorarkonsul-albanien-nrw.de\/wp-content\/uploads\/2025\/05\/Screenshot-2025-05-15-161911-300x234.png 300w, https:\/\/www.honorarkonsul-albanien-nrw.de\/wp-content\/uploads\/2025\/05\/Screenshot-2025-05-15-161911-705x550.png 705w\" sizes=\"(max-width: 725px) 100vw, 725px\" \/><a href=\"https:\/\/www.honorarkonsul-albanien-nrw.de\/wp-content\/uploads\/2025\/05\/Screenshot-2025-05-15-161911.png\" data-srcset=\"https:\/\/www.honorarkonsul-albanien-nrw.de\/wp-content\/uploads\/2025\/05\/Screenshot-2025-05-15-161911.png 725w, https:\/\/www.honorarkonsul-albanien-nrw.de\/wp-content\/uploads\/2025\/05\/Screenshot-2025-05-15-161911-300x234.png 300w, https:\/\/www.honorarkonsul-albanien-nrw.de\/wp-content\/uploads\/2025\/05\/Screenshot-2025-05-15-161911-705x550.png 705w\" data-sizes=\"(max-width: 725px) 100vw, 725px\" class='av-horizontal-gallery-link' aria-hidden='true' data-av_icon='\ue869' data-av_iconfont='entypo-fontello' title='' alt=''><\/a><\/div><div class=\"av-horizontal-gallery-wrap noHover\"><img decoding=\"async\" fetchpriority=\"high\" class='wp-image-458 avia-img-lazy-loading-not-458 av-horizontal-gallery-img' width=\"760\" height=\"577\" src=\"https:\/\/www.honorarkonsul-albanien-nrw.de\/wp-content\/uploads\/2025\/05\/Screenshot-2025-05-15-161849.png\" title='' alt='' srcset=\"https:\/\/www.honorarkonsul-albanien-nrw.de\/wp-content\/uploads\/2025\/05\/Screenshot-2025-05-15-161849.png 760w, https:\/\/www.honorarkonsul-albanien-nrw.de\/wp-content\/uploads\/2025\/05\/Screenshot-2025-05-15-161849-300x228.png 300w, https:\/\/www.honorarkonsul-albanien-nrw.de\/wp-content\/uploads\/2025\/05\/Screenshot-2025-05-15-161849-705x535.png 705w\" sizes=\"(max-width: 760px) 100vw, 760px\" \/><a href=\"https:\/\/www.honorarkonsul-albanien-nrw.de\/wp-content\/uploads\/2025\/05\/Screenshot-2025-05-15-161849.png\" data-srcset=\"https:\/\/www.honorarkonsul-albanien-nrw.de\/wp-content\/uploads\/2025\/05\/Screenshot-2025-05-15-161849.png 760w, https:\/\/www.honorarkonsul-albanien-nrw.de\/wp-content\/uploads\/2025\/05\/Screenshot-2025-05-15-161849-300x228.png 300w, https:\/\/www.honorarkonsul-albanien-nrw.de\/wp-content\/uploads\/2025\/05\/Screenshot-2025-05-15-161849-705x535.png 705w\" data-sizes=\"(max-width: 760px) 100vw, 760px\" class='av-horizontal-gallery-link' aria-hidden='true' data-av_icon='\ue869' data-av_iconfont='entypo-fontello' title='' alt=''><\/a><\/div><\/div><\/div><\/div><\/div><div id='av-masonry-1' class='av-masonry av-b9f1y-e9be92cf8b217607b334f1f143a5fcc6 noHover av-fixed-size av-large-gap av-hover-overlay-active av-masonry-animation-active av-masonry-col-5 av-caption-always av-caption-style-overlay av-masonry-gallery av-orientation-portrait ' data-post_id=\"486\"><div class=\"av-masonry-container isotope av-js-disabled\"><div class='av-masonry-entry isotope-item av-masonry-item-no-image '><\/div><a href=\"https:\/\/www.honorarkonsul-albanien-nrw.de\/sq\/mundesi-bashkepunimi\/Teknologjia dhe dixhitalizimi\/\"  aria-label=\"image Teknologjia &#038; dixhitalizimi\"  id='av-masonry-1-item-266' data-av-masonry-item='266' class='av-masonry-entry isotope-item post-266 attachment type-attachment status-inherit hentry  av-masonry-item-with-image' title=\"Teknologjia &#038; dixhitalizimi\" alt=\"\"  data-av-masonry-custom-link=\"https:\/\/www.honorarkonsul-albanien-nrw.de\/sq\/mundesi-bashkepunimi\/Teknologjia%20dhe%20dixhitalizimi\/\"  itemprop=\"thumbnailUrl\" ><div class='av-inner-masonry-sizer'><\/div><figure class='av-inner-masonry main_color'><div class=\"av-masonry-outerimage-container\"><div class='av-masonry-image-container' style=\"background-image: url(https:\/\/www.honorarkonsul-albanien-nrw.de\/wp-content\/uploads\/2025\/05\/photo-1589828994379-7a8869c4f519-705x449.jpeg);\"  title=\"Teknologjia &#038; dixhitalizimi\"  ><\/div><\/div><figcaption class='av-inner-masonry-content site-background'><div class='av-inner-masonry-content-pos'><div class='av-inner-masonry-content-pos-content'><div class='avia-arrow'><\/div><h3 class='av-masonry-entry-title entry-title '  itemprop=\"headline\" >Teknologjia &#038; dixhitalizimi<\/h3><div class='av-masonry-entry-content entry-content'  itemprop=\"text\" >Nxitni shk\u00ebmbimin dhe zhvillimin e teknologjive inovative midis Shqip\u00ebris\u00eb dhe Nordrhein-Westfalen-it.<\/div><\/div><\/div><\/figcaption><\/figure><\/a><!--end av-masonry entry--><a href=\"https:\/\/www.honorarkonsul-albanien-nrw.de\/sq\/mundesi-bashkepunimi\/industria-dhe-infrastruktura\/\"  aria-label=\"image Industria &#038; Infrastruktura\"  id='av-masonry-1-item-264' data-av-masonry-item='264' class='av-masonry-entry isotope-item post-264 attachment type-attachment status-inherit hentry  av-masonry-item-with-image' title=\"Industria &#038; Infrastruktura\" alt=\"\"  data-av-masonry-custom-link=\"https:\/\/www.honorarkonsul-albanien-nrw.de\/sq\/mundesi-bashkepunimi\/industria-dhe-infrastruktura\/\"  itemprop=\"thumbnailUrl\" ><div class='av-inner-masonry-sizer'><\/div><figure class='av-inner-masonry main_color'><div class=\"av-masonry-outerimage-container\"><div class='av-masonry-image-container' style=\"background-image: url(https:\/\/www.honorarkonsul-albanien-nrw.de\/wp-content\/uploads\/2025\/05\/photo-1523413184730-e85dbbd04aba-470x705.jpeg);\"  title=\"Industria &#038; Infrastruktura\"  ><\/div><\/div><figcaption class='av-inner-masonry-content site-background'><div class='av-inner-masonry-content-pos'><div class='av-inner-masonry-content-pos-content'><div class='avia-arrow'><\/div><h3 class='av-masonry-entry-title entry-title '  itemprop=\"headline\" >Industria &#038; Infrastruktura<\/h3><div class='av-masonry-entry-content entry-content'  itemprop=\"text\" >Angazhohuni n\u00eb projekte p\u00ebr zhvillimin e infrastruktur\u00ebs dhe krijimin e lidhjeve afatgjata e t\u00eb q\u00ebndrueshme.<\/div><\/div><\/div><\/figcaption><\/figure><\/a><!--end av-masonry entry--><a href=\"https:\/\/www.honorarkonsul-albanien-nrw.de\/sq\/mundesi-bashkepunimi\/turizmi\/\/\"  aria-label=\"image Turizmi\"  id='av-masonry-1-item-262' data-av-masonry-item='262' class='av-masonry-entry isotope-item post-262 attachment type-attachment status-inherit hentry  av-masonry-item-with-image' title=\"Turizmi\" alt=\"\"  data-av-masonry-custom-link=\"https:\/\/www.honorarkonsul-albanien-nrw.de\/sq\/mundesi-bashkepunimi\/turizmi\/\/\"  itemprop=\"thumbnailUrl\" ><div class='av-inner-masonry-sizer'><\/div><figure class='av-inner-masonry main_color'><div class=\"av-masonry-outerimage-container\"><div class='av-masonry-image-container' style=\"background-image: url(https:\/\/www.honorarkonsul-albanien-nrw.de\/wp-content\/uploads\/2025\/05\/photo-1444927714506-8492d94b4e3d-705x467.jpeg);\"  title=\"Turizmi\"  ><\/div><\/div><figcaption class='av-inner-masonry-content site-background'><div class='av-inner-masonry-content-pos'><div class='av-inner-masonry-content-pos-content'><div class='avia-arrow'><\/div><h3 class='av-masonry-entry-title entry-title '  itemprop=\"headline\" >Turizmi<\/h3><div class='av-masonry-entry-content entry-content'  itemprop=\"text\" >Mb\u00ebshtesni nismat p\u00ebr promovimin e turizmit dhe zbuloni bukurit\u00eb e Shqip\u00ebris\u00eb.<\/div><\/div><\/div><\/figcaption><\/figure><\/a><!--end av-masonry entry--><a href=\"https:\/\/www.honorarkonsul-albanien-nrw.de\/sq\/mundesi-bashkepunimi\/ndermarrjet-e-reja-dhe-sipermarrja\/\"  aria-label=\"image Nd\u00ebrmarrjet e reja &#038; sip\u00ebrmarrja\"  id='av-masonry-1-item-260' data-av-masonry-item='260' class='av-masonry-entry isotope-item post-260 attachment type-attachment status-inherit hentry  av-masonry-item-with-image' title=\"Nd\u00ebrmarrjet e reja &#038; sip\u00ebrmarrja\" alt=\"\"  data-av-masonry-custom-link=\"https:\/\/www.honorarkonsul-albanien-nrw.de\/sq\/mundesi-bashkepunimi\/ndermarrjet-e-reja-dhe-sipermarrja\/\"  itemprop=\"thumbnailUrl\" ><div class='av-inner-masonry-sizer'><\/div><figure class='av-inner-masonry main_color'><div class=\"av-masonry-outerimage-container\"><div class='av-masonry-image-container' style=\"background-image: url(https:\/\/www.honorarkonsul-albanien-nrw.de\/wp-content\/uploads\/2025\/05\/photo-1553484771-898ed465e931-705x470.jpeg);\"  title=\"Nd\u00ebrmarrjet e reja &#038; sip\u00ebrmarrja\"  ><\/div><\/div><figcaption class='av-inner-masonry-content site-background'><div class='av-inner-masonry-content-pos'><div class='av-inner-masonry-content-pos-content'><div class='avia-arrow'><\/div><h3 class='av-masonry-entry-title entry-title '  itemprop=\"headline\" >Nd\u00ebrmarrjet e reja &#038; sip\u00ebrmarrja<\/h3><div class='av-masonry-entry-content entry-content'  itemprop=\"text\" >Mund\u00ebsojini nd\u00ebrmarrjeve t\u00eb reja t\u00eb realizojn\u00eb idet\u00eb e tyre dhe t\u00eb dep\u00ebrtojn\u00eb n\u00eb tregjet nd\u00ebrkomb\u00ebtare.<\/div><\/div><\/div><\/figcaption><\/figure><\/a><!--end av-masonry entry--><a href=\"https:\/\/www.honorarkonsul-albanien-nrw.de\/sq\/mundesi-bashkepunimi\/arsimi-dhe-kerkimi-shkencor\/\"  aria-label=\"image Arsimi &#038; k\u00ebrkimi shkencor\"  id='av-masonry-1-item-258' data-av-masonry-item='258' class='av-masonry-entry isotope-item post-258 attachment type-attachment status-inherit hentry  av-masonry-item-with-image' title=\"Arsimi &#038; k\u00ebrkimi shkencor\" alt=\"\"  data-av-masonry-custom-link=\"https:\/\/www.honorarkonsul-albanien-nrw.de\/sq\/mundesi-bashkepunimi\/arsimi-dhe-kerkimi-shkencor\/\"  itemprop=\"thumbnailUrl\" ><div class='av-inner-masonry-sizer'><\/div><figure class='av-inner-masonry main_color'><div class=\"av-masonry-outerimage-container\"><div class='av-masonry-image-container' style=\"background-image: url(https:\/\/www.honorarkonsul-albanien-nrw.de\/wp-content\/uploads\/2025\/05\/photo-1516383274235-5f42d6c6426d-705x468.jpeg);\"  title=\"Arsimi &#038; k\u00ebrkimi shkencor\"  ><\/div><\/div><figcaption class='av-inner-masonry-content site-background'><div class='av-inner-masonry-content-pos'><div class='av-inner-masonry-content-pos-content'><div class='avia-arrow'><\/div><h3 class='av-masonry-entry-title entry-title '  itemprop=\"headline\" >Arsimi &#038; k\u00ebrkimi shkencor<\/h3><div class='av-masonry-entry-content entry-content'  itemprop=\"text\" >Investoni n\u00eb arsim p\u00ebr t\u00eb nd\u00ebrtuar nj\u00eb t\u00eb ardhme t\u00eb q\u00ebndrueshme dhe inovative p\u00ebr brezat e ardhsh\u00ebm.<\/div><\/div><\/div><\/figcaption><\/figure><\/a><!--end av-masonry entry--><\/div><\/div><\/p>\n","protected":false},"excerpt":{"rendered":"","protected":false},"author":1,"featured_media":0,"parent":325,"menu_order":0,"comment_status":"closed","ping_status":"closed","template":"","meta":{"footnotes":""},"class_list":["post-486","page","type-page","status-publish","hentry"],"_links":{"self":[{"href":"https:\/\/www.honorarkonsul-albanien-nrw.de\/sq\/wp-json\/wp\/v2\/pages\/486","targetHints":{"allow":["GET"]}}],"collection":[{"href":"https:\/\/www.honorarkonsul-albanien-nrw.de\/sq\/wp-json\/wp\/v2\/pages"}],"about":[{"href":"https:\/\/www.honorarkonsul-albanien-nrw.de\/sq\/wp-json\/wp\/v2\/types\/page"}],"author":[{"embeddable":true,"href":"https:\/\/www.honorarkonsul-albanien-nrw.de\/sq\/wp-json\/wp\/v2\/users\/1"}],"replies":[{"embeddable":true,"href":"https:\/\/www.honorarkonsul-albanien-nrw.de\/sq\/wp-json\/wp\/v2\/comments?post=486"}],"version-history":[{"count":6,"href":"https:\/\/www.honorarkonsul-albanien-nrw.de\/sq\/wp-json\/wp\/v2\/pages\/486\/revisions"}],"predecessor-version":[{"id":672,"href":"https:\/\/www.honorarkonsul-albanien-nrw.de\/sq\/wp-json\/wp\/v2\/pages\/486\/revisions\/672"}],"up":[{"embeddable":true,"href":"https:\/\/www.honorarkonsul-albanien-nrw.de\/sq\/wp-json\/wp\/v2\/pages\/325"}],"wp:attachment":[{"href":"https:\/\/www.honorarkonsul-albanien-nrw.de\/sq\/wp-json\/wp\/v2\/media?parent=486"}],"curies":[{"name":"wp","href":"https:\/\/api.w.org\/{rel}","templated":true}]}}