{"id":337,"date":"2025-04-30T13:24:26","date_gmt":"2025-04-30T13:24:26","guid":{"rendered":"https:\/\/dev.honorarkonsul-albanien-nrw.de\/partnere\/"},"modified":"2025-09-24T13:06:17","modified_gmt":"2025-09-24T13:06:17","slug":"partnere","status":"publish","type":"page","link":"https:\/\/www.honorarkonsul-albanien-nrw.de\/sq\/partnere\/","title":{"rendered":"Partner\u00eb"},"content":{"rendered":"\n<style type=\"text\/css\" data-created_by=\"avia_inline_auto\" id=\"style-css-av-3h3c7-9a2f95ebdf805f19bd41718b8a9ece0a\">\n.avia-section.av-3h3c7-9a2f95ebdf805f19bd41718b8a9ece0a{\nbackground-color:#f9c7c3;\nbackground-image:unset;\n}\n<\/style>\n<div id='av_section_1'  class='avia-section av-3h3c7-9a2f95ebdf805f19bd41718b8a9ece0a main_color avia-section-default avia-no-border-styling  avia-builder-el-0  avia-builder-el-no-sibling  avia-bg-style-scroll container_wrap fullsize'  ><div class='container av-section-cont-open' ><main  role=\"main\" itemprop=\"mainContentOfPage\"  class='template-page content  av-content-full alpha units'><div class='post-entry post-entry-type-page post-entry-337'><div class='entry-content-wrapper clearfix'>\n<div  class='flex_column av-1x4of-4eadb77dcc11e9c6902a2c172401f4b7 av_one_fifth  avia-builder-el-1  el_before_av_three_fifth  avia-builder-el-first  first flex_column_div  '     ><\/div><div  class='flex_column av-1dj1n-7eeced5c8c321dc7b8430f4d3ae16b53 av_three_fifth  avia-builder-el-2  el_after_av_one_fifth  el_before_av_one_fifth  flex_column_div  '     ><p>\n<style type=\"text\/css\" data-created_by=\"avia_inline_auto\" id=\"style-css-av-1v2wv-25ff0f5a9fad2c9181213f1b971faf9a\">\n#top .av-special-heading.av-1v2wv-25ff0f5a9fad2c9181213f1b971faf9a{\npadding-bottom:10px;\n}\nbody .av-special-heading.av-1v2wv-25ff0f5a9fad2c9181213f1b971faf9a .av-special-heading-tag .heading-char{\nfont-size:25px;\n}\n.av-special-heading.av-1v2wv-25ff0f5a9fad2c9181213f1b971faf9a .av-subheading{\nfont-size:15px;\n}\n<\/style>\n<div  class='av-special-heading av-1v2wv-25ff0f5a9fad2c9181213f1b971faf9a av-special-heading-h1 blockquote modern-quote modern-centered  avia-builder-el-3  el_before_av_textblock  avia-builder-el-first '><h1 class='av-special-heading-tag'  itemprop=\"headline\"  >Partner\u00eb<\/h1><div class=\"special-heading-border\"><div class=\"special-heading-inner-border\"><\/div><\/div><\/div><br \/>\n<section  class='av_textblock_section av-1pnjj-39e4aeb24b0c44a34938276b14453c7a '   itemscope=\"itemscope\" itemtype=\"https:\/\/schema.org\/CreativeWork\" ><div class='avia_textblock'  itemprop=\"text\" ><p style=\"text-align: center;\">Konsulli i Nderit Prof. Dr. Thomas Druyen takohet rregullisht me personalitete t\u00eb nivelit t\u00eb lart\u00eb p\u00ebr t\u00eb forcuar dhe zgjeruar lidhjet mes Shqip\u00ebris\u00eb dhe Nordrhein-Westfalen-it.<br \/>Vet\u00ebm n\u00ebp\u00ebrmjet nj\u00eb dialogu dhe shk\u00ebmbimi t\u00eb vazhduesh\u00ebm mund t\u00eb njihemi m\u00eb mir\u00eb dhe t\u00eb krijojm\u00eb besim t\u00eb nd\u00ebrsjell\u00eb. <\/p>\n<p style=\"text-align: center;\">Q\u00ebllimi \u00ebsht\u00eb t\u00eb m\u00ebsojm\u00eb, t\u00eb veprojm\u00eb dhe t\u00eb nd\u00ebrtojm\u00eb t\u00eb ardhmen s\u00eb bashku.<br \/>Evropa d\u00ebshiron dhe ka nevoj\u00eb p\u00ebr miq t\u00eb fort\u00eb \u2013 dhe kjo vlen edhe n\u00eb t\u00eb kund\u00ebrt.<br \/>Reciprociteti \u00ebsht\u00eb parimi themelor i nj\u00eb bashk\u00ebpunimi t\u00eb suksessh\u00ebm.  <\/p>\n<\/div><\/section><\/p><\/div><div  class='flex_column av-t8sr-6a75ec02a4aef235c7616afe27e973da av_one_fifth  avia-builder-el-5  el_after_av_three_fifth  el_before_av_masonry_gallery  avia-builder-el-last  flex_column_div  '     ><\/div><div id='av-masonry-1' class='av-masonry av-macbqlf9-2d41397af5916cfe46e4e5ec8889f122 noHover av-fixed-size av-large-gap av-hover-overlay-active av-masonry-animation-active av-masonry-col-4 av-caption-always av-caption-style- av-masonry-gallery av-orientation-portrait ' data-post_id=\"337\"><div class=\"av-masonry-container isotope av-js-disabled\"><div class='av-masonry-entry isotope-item av-masonry-item-no-image '><\/div><a href=\"https:\/\/www.honorarkonsul-albanien-nrw.de\/wp-content\/uploads\/2025\/05\/add4f8a2-a04d-478e-bc82-edec598a7dc4.jpg\" data-srcset=\"https:\/\/www.honorarkonsul-albanien-nrw.de\/wp-content\/uploads\/2025\/05\/add4f8a2-a04d-478e-bc82-edec598a7dc4.jpg 940w, https:\/\/www.honorarkonsul-albanien-nrw.de\/wp-content\/uploads\/2025\/05\/add4f8a2-a04d-478e-bc82-edec598a7dc4-300x225.jpg 300w, https:\/\/www.honorarkonsul-albanien-nrw.de\/wp-content\/uploads\/2025\/05\/add4f8a2-a04d-478e-bc82-edec598a7dc4-768x576.jpg 768w, https:\/\/www.honorarkonsul-albanien-nrw.de\/wp-content\/uploads\/2025\/05\/add4f8a2-a04d-478e-bc82-edec598a7dc4-705x529.jpg 705w\" data-sizes=\"(max-width: 940px) 100vw, 940px\"  aria-label=\"image Takim me Kryeministrin e Shqip\u00ebris\u00eb,\"  id='av-masonry-1-item-280' data-av-masonry-item='280' class='av-masonry-entry isotope-item post-280 attachment type-attachment status-inherit hentry  av-masonry-item-with-image' title=\"Takim me Kryeministrin e Shqip\u00ebris\u00eb,\" alt=\"\"    itemprop=\"thumbnailUrl\" ><div class='av-inner-masonry-sizer'><\/div><figure class='av-inner-masonry main_color'><div class=\"av-masonry-outerimage-container\"><div class='av-masonry-image-container' style=\"background-image: url(https:\/\/www.honorarkonsul-albanien-nrw.de\/wp-content\/uploads\/2025\/05\/add4f8a2-a04d-478e-bc82-edec598a7dc4.jpg);\"  title=\"Takim me Kryeministrin e Shqip\u00ebris\u00eb,\"  ><\/div><\/div><figcaption class='av-inner-masonry-content site-background'><div class='av-inner-masonry-content-pos'><div class='av-inner-masonry-content-pos-content'><div class='avia-arrow'><\/div><h3 class='av-masonry-entry-title entry-title '  itemprop=\"headline\" >Takim me Kryeministrin e Shqip\u00ebris\u00eb,<\/h3><div class='av-masonry-entry-content entry-content'  itemprop=\"text\" >Z. Edi Rama.<\/div><\/div><\/div><\/figcaption><\/figure><\/a><!--end av-masonry entry--><a href=\"https:\/\/www.honorarkonsul-albanien-nrw.de\/wp-content\/uploads\/2025\/05\/6d19efd0-bb9e-4b13-8796-e501bb68870a.jpg\" data-srcset=\"https:\/\/www.honorarkonsul-albanien-nrw.de\/wp-content\/uploads\/2025\/05\/6d19efd0-bb9e-4b13-8796-e501bb68870a.jpg 940w, https:\/\/www.honorarkonsul-albanien-nrw.de\/wp-content\/uploads\/2025\/05\/6d19efd0-bb9e-4b13-8796-e501bb68870a-300x269.jpg 300w, https:\/\/www.honorarkonsul-albanien-nrw.de\/wp-content\/uploads\/2025\/05\/6d19efd0-bb9e-4b13-8796-e501bb68870a-768x688.jpg 768w, https:\/\/www.honorarkonsul-albanien-nrw.de\/wp-content\/uploads\/2025\/05\/6d19efd0-bb9e-4b13-8796-e501bb68870a-705x632.jpg 705w\" data-sizes=\"(max-width: 940px) 100vw, 940px\"  aria-label=\"image Takim me Ministren e Shtetit p\u00ebr Administrat\u00ebn Publike dhe Antikorrupsionin n\u00eb Shqip\u00ebri,\"  id='av-masonry-1-item-278' data-av-masonry-item='278' class='av-masonry-entry isotope-item post-278 attachment type-attachment status-inherit hentry  av-masonry-item-with-image' title=\"Takim me Ministren e Shtetit p\u00ebr Administrat\u00ebn Publike dhe Antikorrupsionin n\u00eb Shqip\u00ebri,\" alt=\"\"    itemprop=\"thumbnailUrl\" ><div class='av-inner-masonry-sizer'><\/div><figure class='av-inner-masonry main_color'><div class=\"av-masonry-outerimage-container\"><div class='av-masonry-image-container' style=\"background-image: url(https:\/\/www.honorarkonsul-albanien-nrw.de\/wp-content\/uploads\/2025\/05\/6d19efd0-bb9e-4b13-8796-e501bb68870a.jpg);\"  title=\"Takim me Ministren e Shtetit p\u00ebr Administrat\u00ebn Publike dhe Antikorrupsionin n\u00eb Shqip\u00ebri,\"  ><\/div><\/div><figcaption class='av-inner-masonry-content site-background'><div class='av-inner-masonry-content-pos'><div class='av-inner-masonry-content-pos-content'><div class='avia-arrow'><\/div><h3 class='av-masonry-entry-title entry-title '  itemprop=\"headline\" >Takim me Ministren e Shtetit p\u00ebr Administrat\u00ebn Publike dhe Antikorrupsionin n\u00eb Shqip\u00ebri,<\/h3><div class='av-masonry-entry-content entry-content'  itemprop=\"text\" >Znj. Adea Pirdeni.\n\n<\/div><\/div><\/div><\/figcaption><\/figure><\/a><!--end av-masonry entry--><a href=\"https:\/\/www.honorarkonsul-albanien-nrw.de\/wp-content\/uploads\/2025\/05\/3084d8a9-558c-456a-8c59-031bdcb30a8f-670x1030.jpg\" data-srcset=\"https:\/\/www.honorarkonsul-albanien-nrw.de\/wp-content\/uploads\/2025\/05\/3084d8a9-558c-456a-8c59-031bdcb30a8f-670x1030.jpg 670w, https:\/\/www.honorarkonsul-albanien-nrw.de\/wp-content\/uploads\/2025\/05\/3084d8a9-558c-456a-8c59-031bdcb30a8f-195x300.jpg 195w, https:\/\/www.honorarkonsul-albanien-nrw.de\/wp-content\/uploads\/2025\/05\/3084d8a9-558c-456a-8c59-031bdcb30a8f-768x1180.jpg 768w, https:\/\/www.honorarkonsul-albanien-nrw.de\/wp-content\/uploads\/2025\/05\/3084d8a9-558c-456a-8c59-031bdcb30a8f-459x705.jpg 459w, https:\/\/www.honorarkonsul-albanien-nrw.de\/wp-content\/uploads\/2025\/05\/3084d8a9-558c-456a-8c59-031bdcb30a8f.jpg 815w\" data-sizes=\"(max-width: 670px) 100vw, 670px\"  aria-label=\"image Takim me Ministrin e Jasht\u00ebm t\u00eb Shqip\u00ebrise,\"  id='av-masonry-1-item-276' data-av-masonry-item='276' class='av-masonry-entry isotope-item post-276 attachment type-attachment status-inherit hentry  av-masonry-item-with-image' title=\"Takim me Ministrin e Jasht\u00ebm t\u00eb Shqip\u00ebrise,\" alt=\"\"    itemprop=\"thumbnailUrl\" ><div class='av-inner-masonry-sizer'><\/div><figure class='av-inner-masonry main_color'><div class=\"av-masonry-outerimage-container\"><div class='av-masonry-image-container' style=\"background-image: url(https:\/\/www.honorarkonsul-albanien-nrw.de\/wp-content\/uploads\/2025\/05\/3084d8a9-558c-456a-8c59-031bdcb30a8f.jpg);\"  title=\"Takim me Ministrin e Jasht\u00ebm t\u00eb Shqip\u00ebrise,\"  ><\/div><\/div><figcaption class='av-inner-masonry-content site-background'><div class='av-inner-masonry-content-pos'><div class='av-inner-masonry-content-pos-content'><div class='avia-arrow'><\/div><h3 class='av-masonry-entry-title entry-title '  itemprop=\"headline\" >Takim me Ministrin e Jasht\u00ebm t\u00eb Shqip\u00ebrise,<\/h3><div class='av-masonry-entry-content entry-content'  itemprop=\"text\" >Z. Igli Hasani.<\/div><\/div><\/div><\/figcaption><\/figure><\/a><!--end av-masonry entry--><a href=\"https:\/\/www.honorarkonsul-albanien-nrw.de\/wp-content\/uploads\/2025\/05\/3ca1c07a-5832-422a-9c6e-b9c7c3e991c0-905x1030.jpg\" data-srcset=\"https:\/\/www.honorarkonsul-albanien-nrw.de\/wp-content\/uploads\/2025\/05\/3ca1c07a-5832-422a-9c6e-b9c7c3e991c0-905x1030.jpg 905w, https:\/\/www.honorarkonsul-albanien-nrw.de\/wp-content\/uploads\/2025\/05\/3ca1c07a-5832-422a-9c6e-b9c7c3e991c0-264x300.jpg 264w, https:\/\/www.honorarkonsul-albanien-nrw.de\/wp-content\/uploads\/2025\/05\/3ca1c07a-5832-422a-9c6e-b9c7c3e991c0-768x874.jpg 768w, https:\/\/www.honorarkonsul-albanien-nrw.de\/wp-content\/uploads\/2025\/05\/3ca1c07a-5832-422a-9c6e-b9c7c3e991c0-619x705.jpg 619w, https:\/\/www.honorarkonsul-albanien-nrw.de\/wp-content\/uploads\/2025\/05\/3ca1c07a-5832-422a-9c6e-b9c7c3e991c0.jpg 940w\" data-sizes=\"(max-width: 905px) 100vw, 905px\"  aria-label=\"image Takim me Ambasadoren e Shqip\u00ebris\u00eb n\u00eb Gjermani,\"  id='av-masonry-1-item-274' data-av-masonry-item='274' class='av-masonry-entry isotope-item post-274 attachment type-attachment status-inherit hentry  av-masonry-item-with-image' title=\"Takim me Ambasadoren e Shqip\u00ebris\u00eb n\u00eb Gjermani,\" alt=\"\"    itemprop=\"thumbnailUrl\" ><div class='av-inner-masonry-sizer'><\/div><figure class='av-inner-masonry main_color'><div class=\"av-masonry-outerimage-container\"><div class='av-masonry-image-container' style=\"background-image: url(https:\/\/www.honorarkonsul-albanien-nrw.de\/wp-content\/uploads\/2025\/05\/3ca1c07a-5832-422a-9c6e-b9c7c3e991c0.jpg);\"  title=\"Takim me Ambasadoren e Shqip\u00ebris\u00eb n\u00eb Gjermani,\"  ><\/div><\/div><figcaption class='av-inner-masonry-content site-background'><div class='av-inner-masonry-content-pos'><div class='av-inner-masonry-content-pos-content'><div class='avia-arrow'><\/div><h3 class='av-masonry-entry-title entry-title '  itemprop=\"headline\" >Takim me Ambasadoren e Shqip\u00ebris\u00eb n\u00eb Gjermani,<\/h3><div class='av-masonry-entry-content entry-content'  itemprop=\"text\" >Znj. Adia Sakiqi.<\/div><\/div><\/div><\/figcaption><\/figure><\/a><!--end av-masonry entry--><a href=\"https:\/\/www.honorarkonsul-albanien-nrw.de\/wp-content\/uploads\/2025\/05\/157e40ec-c87e-41af-9e88-3f63440a28dd-717x1030.jpg\" data-srcset=\"https:\/\/www.honorarkonsul-albanien-nrw.de\/wp-content\/uploads\/2025\/05\/157e40ec-c87e-41af-9e88-3f63440a28dd-717x1030.jpg 717w, https:\/\/www.honorarkonsul-albanien-nrw.de\/wp-content\/uploads\/2025\/05\/157e40ec-c87e-41af-9e88-3f63440a28dd-209x300.jpg 209w, https:\/\/www.honorarkonsul-albanien-nrw.de\/wp-content\/uploads\/2025\/05\/157e40ec-c87e-41af-9e88-3f63440a28dd-768x1103.jpg 768w, https:\/\/www.honorarkonsul-albanien-nrw.de\/wp-content\/uploads\/2025\/05\/157e40ec-c87e-41af-9e88-3f63440a28dd-491x705.jpg 491w, https:\/\/www.honorarkonsul-albanien-nrw.de\/wp-content\/uploads\/2025\/05\/157e40ec-c87e-41af-9e88-3f63440a28dd.jpg 872w\" data-sizes=\"(max-width: 717px) 100vw, 717px\"  aria-label=\"image Takim me Konsullin e P\u00ebrgjithsh\u00ebm t\u00eb Rumanis\u00eb dhe Dekanin e ri t\u00eb Trupit Konsullor n\u00eb Nordrhein-Westfalen,\"  id='av-masonry-1-item-272' data-av-masonry-item='272' class='av-masonry-entry isotope-item post-272 attachment type-attachment status-inherit hentry  av-masonry-item-with-image' title=\"Takim me Konsullin e P\u00ebrgjithsh\u00ebm t\u00eb Rumanis\u00eb dhe Dekanin e ri t\u00eb Trupit Konsullor n\u00eb Nordrhein-Westfalen,\" alt=\"\"    itemprop=\"thumbnailUrl\" ><div class='av-inner-masonry-sizer'><\/div><figure class='av-inner-masonry main_color'><div class=\"av-masonry-outerimage-container\"><div class='av-masonry-image-container' style=\"background-image: url(https:\/\/www.honorarkonsul-albanien-nrw.de\/wp-content\/uploads\/2025\/05\/157e40ec-c87e-41af-9e88-3f63440a28dd.jpg);\"  title=\"Takim me Konsullin e P\u00ebrgjithsh\u00ebm t\u00eb Rumanis\u00eb dhe Dekanin e ri t\u00eb Trupit Konsullor n\u00eb Nordrhein-Westfalen,\"  ><\/div><\/div><figcaption class='av-inner-masonry-content site-background'><div class='av-inner-masonry-content-pos'><div class='av-inner-masonry-content-pos-content'><div class='avia-arrow'><\/div><h3 class='av-masonry-entry-title entry-title '  itemprop=\"headline\" >Takim me Konsullin e P\u00ebrgjithsh\u00ebm t\u00eb Rumanis\u00eb dhe Dekanin e ri t\u00eb Trupit Konsullor n\u00eb Nordrhein-Westfalen,<\/h3><div class='av-masonry-entry-content entry-content'  itemprop=\"text\" >Dr. Dan Moraru.<\/div><\/div><\/div><\/figcaption><\/figure><\/a><!--end av-masonry entry--><a href=\"https:\/\/www.honorarkonsul-albanien-nrw.de\/wp-content\/uploads\/2025\/05\/1c4e3fa2-104a-4d48-916d-efc7b27d67a6-617x1030.jpg\" data-srcset=\"https:\/\/www.honorarkonsul-albanien-nrw.de\/wp-content\/uploads\/2025\/05\/1c4e3fa2-104a-4d48-916d-efc7b27d67a6-617x1030.jpg 617w, https:\/\/www.honorarkonsul-albanien-nrw.de\/wp-content\/uploads\/2025\/05\/1c4e3fa2-104a-4d48-916d-efc7b27d67a6-180x300.jpg 180w, https:\/\/www.honorarkonsul-albanien-nrw.de\/wp-content\/uploads\/2025\/05\/1c4e3fa2-104a-4d48-916d-efc7b27d67a6-768x1282.jpg 768w, https:\/\/www.honorarkonsul-albanien-nrw.de\/wp-content\/uploads\/2025\/05\/1c4e3fa2-104a-4d48-916d-efc7b27d67a6-422x705.jpg 422w, https:\/\/www.honorarkonsul-albanien-nrw.de\/wp-content\/uploads\/2025\/05\/1c4e3fa2-104a-4d48-916d-efc7b27d67a6.jpg 824w\" data-sizes=\"(max-width: 617px) 100vw, 617px\"  aria-label=\"image Takim me Kryetarin e Bashkis\u00eb s\u00eb Dyseldorfit,\"  id='av-masonry-1-item-270' data-av-masonry-item='270' class='av-masonry-entry isotope-item post-270 attachment type-attachment status-inherit hentry  av-masonry-item-with-image' title=\"Takim me Kryetarin e Bashkis\u00eb s\u00eb Dyseldorfit,\" alt=\"\"    itemprop=\"thumbnailUrl\" ><div class='av-inner-masonry-sizer'><\/div><figure class='av-inner-masonry main_color'><div class=\"av-masonry-outerimage-container\"><div class='av-masonry-image-container' style=\"background-image: url(https:\/\/www.honorarkonsul-albanien-nrw.de\/wp-content\/uploads\/2025\/05\/1c4e3fa2-104a-4d48-916d-efc7b27d67a6.jpg);\"  title=\"Takim me Kryetarin e Bashkis\u00eb s\u00eb Dyseldorfit,\"  ><\/div><\/div><figcaption class='av-inner-masonry-content site-background'><div class='av-inner-masonry-content-pos'><div class='av-inner-masonry-content-pos-content'><div class='avia-arrow'><\/div><h3 class='av-masonry-entry-title entry-title '  itemprop=\"headline\" >Takim me Kryetarin e Bashkis\u00eb s\u00eb Dyseldorfit,<\/h3><div class='av-masonry-entry-content entry-content'  itemprop=\"text\" >Dr. Stephan Keller.<\/div><\/div><\/div><\/figcaption><\/figure><\/a><!--end av-masonry entry--><a href=\"https:\/\/www.honorarkonsul-albanien-nrw.de\/wp-content\/uploads\/2025\/05\/347c4f7d-8a4d-4f34-bc98-d5fee9a36378-572x1030.jpg\" data-srcset=\"https:\/\/www.honorarkonsul-albanien-nrw.de\/wp-content\/uploads\/2025\/05\/347c4f7d-8a4d-4f34-bc98-d5fee9a36378-572x1030.jpg 572w, https:\/\/www.honorarkonsul-albanien-nrw.de\/wp-content\/uploads\/2025\/05\/347c4f7d-8a4d-4f34-bc98-d5fee9a36378-167x300.jpg 167w, https:\/\/www.honorarkonsul-albanien-nrw.de\/wp-content\/uploads\/2025\/05\/347c4f7d-8a4d-4f34-bc98-d5fee9a36378-392x705.jpg 392w, https:\/\/www.honorarkonsul-albanien-nrw.de\/wp-content\/uploads\/2025\/05\/347c4f7d-8a4d-4f34-bc98-d5fee9a36378.jpg 647w\" data-sizes=\"(max-width: 572px) 100vw, 572px\"  aria-label=\"image Takim me Konsullin e Nderit t\u00eb Jordanis\u00eb dhe Z\u00ebvend\u00ebsdekanin e Trupit Konsullor n\u00eb Nordrhein-Westfalen,\"  id='av-masonry-1-item-268' data-av-masonry-item='268' class='av-masonry-entry isotope-item post-268 attachment type-attachment status-inherit hentry  av-masonry-item-with-image' title=\"Takim me Konsullin e Nderit t\u00eb Jordanis\u00eb dhe Z\u00ebvend\u00ebsdekanin e Trupit Konsullor n\u00eb Nordrhein-Westfalen,\" alt=\"\"    itemprop=\"thumbnailUrl\" ><div class='av-inner-masonry-sizer'><\/div><figure class='av-inner-masonry main_color'><div class=\"av-masonry-outerimage-container\"><div class='av-masonry-image-container' style=\"background-image: url(https:\/\/www.honorarkonsul-albanien-nrw.de\/wp-content\/uploads\/2025\/05\/347c4f7d-8a4d-4f34-bc98-d5fee9a36378.jpg);\"  title=\"Takim me Konsullin e Nderit t\u00eb Jordanis\u00eb dhe Z\u00ebvend\u00ebsdekanin e Trupit Konsullor n\u00eb Nordrhein-Westfalen,\"  ><\/div><\/div><figcaption class='av-inner-masonry-content site-background'><div class='av-inner-masonry-content-pos'><div class='av-inner-masonry-content-pos-content'><div class='avia-arrow'><\/div><h3 class='av-masonry-entry-title entry-title '  itemprop=\"headline\" >Takim me Konsullin e Nderit t\u00eb Jordanis\u00eb dhe Z\u00ebvend\u00ebsdekanin e Trupit Konsullor n\u00eb Nordrhein-Westfalen,<\/h3><div class='av-masonry-entry-content entry-content'  itemprop=\"text\" >Z. Claus Gielisch.\n\n<\/div><\/div><\/div><\/figcaption><\/figure><\/a><!--end av-masonry entry--><a href=\"https:\/\/www.honorarkonsul-albanien-nrw.de\/wp-content\/uploads\/2025\/05\/1-682x1030.jpeg\" data-srcset=\"https:\/\/www.honorarkonsul-albanien-nrw.de\/wp-content\/uploads\/2025\/05\/1-682x1030.jpeg 682w, https:\/\/www.honorarkonsul-albanien-nrw.de\/wp-content\/uploads\/2025\/05\/1-199x300.jpeg 199w, https:\/\/www.honorarkonsul-albanien-nrw.de\/wp-content\/uploads\/2025\/05\/1-768x1159.jpeg 768w, https:\/\/www.honorarkonsul-albanien-nrw.de\/wp-content\/uploads\/2025\/05\/1-1018x1536.jpeg 1018w, https:\/\/www.honorarkonsul-albanien-nrw.de\/wp-content\/uploads\/2025\/05\/1-994x1500.jpeg 994w, https:\/\/www.honorarkonsul-albanien-nrw.de\/wp-content\/uploads\/2025\/05\/1-467x705.jpeg 467w, https:\/\/www.honorarkonsul-albanien-nrw.de\/wp-content\/uploads\/2025\/05\/1.jpeg 1060w\" data-sizes=\"(max-width: 682px) 100vw, 682px\"  aria-label=\"image Takim me Rektorin e Universitetit t\u00eb Arteve, Tiran\u00eb, Shqip\u00ebri,\"  id='av-masonry-1-item-382' data-av-masonry-item='382' class='av-masonry-entry isotope-item post-382 attachment type-attachment status-inherit hentry  av-masonry-item-with-image' title=\"Takim me Rektorin e Universitetit t\u00eb Arteve, Tiran\u00eb, Shqip\u00ebri,\" alt=\"\"    itemprop=\"thumbnailUrl\" ><div class='av-inner-masonry-sizer'><\/div><figure class='av-inner-masonry main_color'><div class=\"av-masonry-outerimage-container\"><div class='av-masonry-image-container' style=\"background-image: url(https:\/\/www.honorarkonsul-albanien-nrw.de\/wp-content\/uploads\/2025\/05\/1.jpeg);\"  title=\"Takim me Rektorin e Universitetit t\u00eb Arteve, Tiran\u00eb, Shqip\u00ebri,\"  ><\/div><\/div><figcaption class='av-inner-masonry-content site-background'><div class='av-inner-masonry-content-pos'><div class='av-inner-masonry-content-pos-content'><div class='avia-arrow'><\/div><h3 class='av-masonry-entry-title entry-title '  itemprop=\"headline\" >Takim me Rektorin e Universitetit t\u00eb Arteve, Tiran\u00eb, Shqip\u00ebri,<\/h3><div class='av-masonry-entry-content entry-content'  itemprop=\"text\" >Prof. Dr. Erald Bakalli.<\/div><\/div><\/div><\/figcaption><\/figure><\/a><!--end av-masonry entry--><a href=\"https:\/\/www.honorarkonsul-albanien-nrw.de\/wp-content\/uploads\/2025\/09\/2025-08-26_16-03-12-Z8B_6902-Foto-Land-NRW-Mark-Hermenau-1030x687.jpg\" data-srcset=\"https:\/\/www.honorarkonsul-albanien-nrw.de\/wp-content\/uploads\/2025\/09\/2025-08-26_16-03-12-Z8B_6902-Foto-Land-NRW-Mark-Hermenau-1030x687.jpg 1030w, https:\/\/www.honorarkonsul-albanien-nrw.de\/wp-content\/uploads\/2025\/09\/2025-08-26_16-03-12-Z8B_6902-Foto-Land-NRW-Mark-Hermenau-300x200.jpg 300w, https:\/\/www.honorarkonsul-albanien-nrw.de\/wp-content\/uploads\/2025\/09\/2025-08-26_16-03-12-Z8B_6902-Foto-Land-NRW-Mark-Hermenau-768x512.jpg 768w, https:\/\/www.honorarkonsul-albanien-nrw.de\/wp-content\/uploads\/2025\/09\/2025-08-26_16-03-12-Z8B_6902-Foto-Land-NRW-Mark-Hermenau-1536x1024.jpg 1536w, https:\/\/www.honorarkonsul-albanien-nrw.de\/wp-content\/uploads\/2025\/09\/2025-08-26_16-03-12-Z8B_6902-Foto-Land-NRW-Mark-Hermenau-2048x1365.jpg 2048w, https:\/\/www.honorarkonsul-albanien-nrw.de\/wp-content\/uploads\/2025\/09\/2025-08-26_16-03-12-Z8B_6902-Foto-Land-NRW-Mark-Hermenau-1500x1000.jpg 1500w, https:\/\/www.honorarkonsul-albanien-nrw.de\/wp-content\/uploads\/2025\/09\/2025-08-26_16-03-12-Z8B_6902-Foto-Land-NRW-Mark-Hermenau-705x470.jpg 705w\" data-sizes=\"(max-width: 1030px) 100vw, 1030px\"  aria-label=\"image Takim me Kryeministrin e Landit Nordrhein-Westfalen,\"  id='av-masonry-1-item-951' data-av-masonry-item='951' class='av-masonry-entry isotope-item post-951 attachment type-attachment status-inherit hentry  av-masonry-item-with-image' title=\"Takim me Kryeministrin e Landit Nordrhein-Westfalen,\" alt=\"\"    itemprop=\"thumbnailUrl\" ><div class='av-inner-masonry-sizer'><\/div><figure class='av-inner-masonry main_color'><div class=\"av-masonry-outerimage-container\"><div class='av-masonry-image-container' style=\"background-image: url(https:\/\/www.honorarkonsul-albanien-nrw.de\/wp-content\/uploads\/2025\/09\/2025-08-26_16-03-12-Z8B_6902-Foto-Land-NRW-Mark-Hermenau-scaled.jpg);\"  title=\"Takim me Kryeministrin e Landit Nordrhein-Westfalen,\"  ><\/div><\/div><figcaption class='av-inner-masonry-content site-background'><div class='av-inner-masonry-content-pos'><div class='av-inner-masonry-content-pos-content'><div class='avia-arrow'><\/div><h3 class='av-masonry-entry-title entry-title '  itemprop=\"headline\" >Takim me Kryeministrin e Landit Nordrhein-Westfalen,<\/h3><div class='av-masonry-entry-content entry-content'  itemprop=\"text\" >Z. Hendrik W\u00fcst<\/div><\/div><\/div><\/figcaption><\/figure><\/a><!--end av-masonry entry--><\/div><\/div>\n\n","protected":false},"excerpt":{"rendered":"","protected":false},"author":1,"featured_media":0,"parent":0,"menu_order":0,"comment_status":"closed","ping_status":"closed","template":"","meta":{"footnotes":""},"class_list":["post-337","page","type-page","status-publish","hentry"],"_links":{"self":[{"href":"https:\/\/www.honorarkonsul-albanien-nrw.de\/sq\/wp-json\/wp\/v2\/pages\/337","targetHints":{"allow":["GET"]}}],"collection":[{"href":"https:\/\/www.honorarkonsul-albanien-nrw.de\/sq\/wp-json\/wp\/v2\/pages"}],"about":[{"href":"https:\/\/www.honorarkonsul-albanien-nrw.de\/sq\/wp-json\/wp\/v2\/types\/page"}],"author":[{"embeddable":true,"href":"https:\/\/www.honorarkonsul-albanien-nrw.de\/sq\/wp-json\/wp\/v2\/users\/1"}],"replies":[{"embeddable":true,"href":"https:\/\/www.honorarkonsul-albanien-nrw.de\/sq\/wp-json\/wp\/v2\/comments?post=337"}],"version-history":[{"count":10,"href":"https:\/\/www.honorarkonsul-albanien-nrw.de\/sq\/wp-json\/wp\/v2\/pages\/337\/revisions"}],"predecessor-version":[{"id":962,"href":"https:\/\/www.honorarkonsul-albanien-nrw.de\/sq\/wp-json\/wp\/v2\/pages\/337\/revisions\/962"}],"wp:attachment":[{"href":"https:\/\/www.honorarkonsul-albanien-nrw.de\/sq\/wp-json\/wp\/v2\/media?parent=337"}],"curies":[{"name":"wp","href":"https:\/\/api.w.org\/{rel}","templated":true}]}}