{"id":325,"date":"2025-04-30T13:24:16","date_gmt":"2025-04-30T13:24:16","guid":{"rendered":"https:\/\/dev.honorarkonsul-albanien-nrw.de\/mundesi-bashkepunimi\/"},"modified":"2025-05-15T14:53:16","modified_gmt":"2025-05-15T14:53:16","slug":"mundesi-bashkepunimi","status":"publish","type":"page","link":"https:\/\/www.honorarkonsul-albanien-nrw.de\/sq\/mundesi-bashkepunimi\/","title":{"rendered":"Mund\u00ebsi bashk\u00ebpunimi"},"content":{"rendered":"<div  class='flex_column av-2blw9-9b1695d12614c166f79499023369431a av_one_fifth  avia-builder-el-0  el_before_av_three_fifth  avia-builder-el-first  first flex_column_div  '     ><\/div>\n<div  class='flex_column av-4nm1-5977b6d739ae28a627ddd924bf4e78a9 av_three_fifth  avia-builder-el-1  el_after_av_one_fifth  el_before_av_one_fifth  flex_column_div  '     ><p>\n<style type=\"text\/css\" data-created_by=\"avia_inline_auto\" id=\"style-css-av-mac8mm65-09e1ad4d40d44e99adb8241920a9ca30\">\n#top .av-special-heading.av-mac8mm65-09e1ad4d40d44e99adb8241920a9ca30{\npadding-bottom:10px;\n}\nbody .av-special-heading.av-mac8mm65-09e1ad4d40d44e99adb8241920a9ca30 .av-special-heading-tag .heading-char{\nfont-size:25px;\n}\n.av-special-heading.av-mac8mm65-09e1ad4d40d44e99adb8241920a9ca30 .av-subheading{\nfont-size:15px;\n}\n<\/style>\n<div  class='av-special-heading av-mac8mm65-09e1ad4d40d44e99adb8241920a9ca30 av-special-heading-h1 blockquote modern-quote modern-centered  avia-builder-el-2  el_before_av_textblock  avia-builder-el-first '><h1 class='av-special-heading-tag'  itemprop=\"headline\"  >Mund\u00ebsi bashk\u00ebpunimi dhe projekte konkrete<\/h1><div class=\"special-heading-border\"><div class=\"special-heading-inner-border\"><\/div><\/div><\/div><br \/>\n<section  class='av_textblock_section av-mac8nuhn-e65f9f823e7910e0de780fce9475c406 '   itemscope=\"itemscope\" itemtype=\"https:\/\/schema.org\/CreativeWork\" ><div class='avia_textblock'  itemprop=\"text\" ><p style=\"text-align: center;\"><strong>Pse t\u00eb investoni n\u00eb Shqip\u00ebri?<\/strong><\/p>\n<p>\ud83c\udf1e 300 dit\u00eb me diell n\u00eb vit \u2013 Kushte perfekte p\u00ebr resort, turiz\u00ebm natyror dhe agroturiz\u00ebm<\/p>\n<p>\u2708\ufe0f Vet\u00ebm ~2 or\u00eb fluturim nga Mynihu, K\u00eblni ose Frankfurti<\/p>\n<p>\ud83d\udcd8 Legjislacion n\u00eb p\u00ebrputhje me BE-n\u00eb \u2013 Shqip\u00ebria \u00ebsht\u00eb zyrtarisht kandidate p\u00ebr an\u00ebtar\u00ebsim n\u00eb BE<\/p>\n<p>\ud83d\udcb6 Euro pranohet gjer\u00ebsisht \u2013 Monedh\u00eb e q\u00ebndrueshme p\u00ebr turist\u00ebt dhe investitor\u00ebt<\/p>\n<p>\ud83d\udcc9 Kosto t\u00eb ul\u00ebta operimi dhe tatime \u2013 Tatimi mbi fitimin: nga 0\u20135% p\u00ebr sektor\u00eb t\u00eb caktuar, TVSH e reduktuar, paga konkurruese<\/p>\n<p>\ud83c\udfe2 Zyr\u00eb unike p\u00ebr investitor\u00eb \u2013 Regjistrim biznesi p\u00ebr m\u00eb pak se 24 or\u00eb; t\u00eb gjitha lejet dhe miratimet p\u00ebrmes AIDA-s<\/p>\n<p>\ud83c\udf0d Pozicion strategjik n\u00eb Ballkan \u2013 Nj\u00eb nyje logjistike mes BE-s\u00eb, Evrop\u00ebs Juglindore dhe Lindjes s\u00eb Af\u00ebrt<\/p>\n<p>\ud83e\udd1d Marr\u00ebveshje t\u00eb tregtis\u00eb s\u00eb lir\u00eb me BE-n\u00eb, Turqin\u00eb dhe CEFTA \u2013 Hyrje pa tarifa p\u00ebr mbi 600 milion\u00eb konsumator\u00eb<\/p>\n<p>\ud83c\udfdb\ufe0f Projekte t\u00eb m\u00ebdha t\u00eb mb\u00ebshtetura nga shteti \u2013 Qeveria ofron status t\u00eb ve\u00e7ant\u00eb p\u00ebr investime strategjike, p\u00ebrfshir\u00eb leht\u00ebsime tatimore dhe administrim t\u00eb thjeshtuar. Leht\u00ebsime tatimore dhe administrim i thjeshtuar <\/p>\n<p>\ud83e\uddd1\u200d\ud83c\udf93 Fuqi pun\u00ebtore e re dhe e kualifikuar n\u00eb dispozicion \u2013 Mbi 45% e popullsis\u00eb \u00ebsht\u00eb n\u00ebn mosh\u00ebn 35 vje\u00e7 \u2013 shum\u00ebgjuh\u00ebshe dhe me arsim profesional<\/p>\n<\/div><\/section><\/p><\/div><div  class='flex_column av-z4oh-1f78b3501c05968ae12d8ecf777a1548 av_one_fifth  avia-builder-el-4  el_after_av_three_fifth  el_before_av_masonry_gallery  avia-builder-el-last  flex_column_div  '     ><\/div><\/p>\n<div id='av-masonry-1' class='av-masonry av-macas3rg-d3f3303643ba0758e45c8271504f9465 noHover av-fixed-size av-large-gap av-hover-overlay-active av-masonry-animation-active av-masonry-col-5 av-caption-always av-caption-style-overlay av-masonry-gallery av-orientation-portrait ' data-post_id=\"325\"><div class=\"av-masonry-container isotope av-js-disabled\"><div class='av-masonry-entry isotope-item av-masonry-item-no-image '><\/div><a href=\"https:\/\/www.honorarkonsul-albanien-nrw.de\/sq\/mundesi-bashkepunimi\/Teknologjia dhe dixhitalizimi\/\"  aria-label=\"image Teknologjia &#038; dixhitalizimi\"  id='av-masonry-1-item-266' data-av-masonry-item='266' class='av-masonry-entry isotope-item post-266 attachment type-attachment status-inherit hentry  av-masonry-item-with-image' title=\"Teknologjia &#038; dixhitalizimi\" alt=\"\"  data-av-masonry-custom-link=\"https:\/\/www.honorarkonsul-albanien-nrw.de\/sq\/mundesi-bashkepunimi\/Teknologjia%20dhe%20dixhitalizimi\/\"  itemprop=\"thumbnailUrl\" ><div class='av-inner-masonry-sizer'><\/div><figure class='av-inner-masonry main_color'><div class=\"av-masonry-outerimage-container\"><div class='av-masonry-image-container' style=\"background-image: url(https:\/\/www.honorarkonsul-albanien-nrw.de\/wp-content\/uploads\/2025\/05\/photo-1589828994379-7a8869c4f519-705x449.jpeg);\"  title=\"Teknologjia &#038; dixhitalizimi\"  ><\/div><\/div><figcaption class='av-inner-masonry-content site-background'><div class='av-inner-masonry-content-pos'><div class='av-inner-masonry-content-pos-content'><div class='avia-arrow'><\/div><h3 class='av-masonry-entry-title entry-title '  itemprop=\"headline\" >Teknologjia &#038; dixhitalizimi<\/h3><div class='av-masonry-entry-content entry-content'  itemprop=\"text\" >Nxitni shk\u00ebmbimin dhe zhvillimin e teknologjive inovative midis Shqip\u00ebris\u00eb dhe Nordrhein-Westfalen-it.<\/div><\/div><\/div><\/figcaption><\/figure><\/a><!--end av-masonry entry--><a href=\"https:\/\/www.honorarkonsul-albanien-nrw.de\/sq\/mundesi-bashkepunimi\/industria-dhe-infrastruktura\/\"  aria-label=\"image Industria &#038; Infrastruktura\"  id='av-masonry-1-item-264' data-av-masonry-item='264' class='av-masonry-entry isotope-item post-264 attachment type-attachment status-inherit hentry  av-masonry-item-with-image' title=\"Industria &#038; Infrastruktura\" alt=\"\"  data-av-masonry-custom-link=\"https:\/\/www.honorarkonsul-albanien-nrw.de\/sq\/mundesi-bashkepunimi\/industria-dhe-infrastruktura\/\"  itemprop=\"thumbnailUrl\" ><div class='av-inner-masonry-sizer'><\/div><figure class='av-inner-masonry main_color'><div class=\"av-masonry-outerimage-container\"><div class='av-masonry-image-container' style=\"background-image: url(https:\/\/www.honorarkonsul-albanien-nrw.de\/wp-content\/uploads\/2025\/05\/photo-1523413184730-e85dbbd04aba-470x705.jpeg);\"  title=\"Industria &#038; Infrastruktura\"  ><\/div><\/div><figcaption class='av-inner-masonry-content site-background'><div class='av-inner-masonry-content-pos'><div class='av-inner-masonry-content-pos-content'><div class='avia-arrow'><\/div><h3 class='av-masonry-entry-title entry-title '  itemprop=\"headline\" >Industria &#038; Infrastruktura<\/h3><div class='av-masonry-entry-content entry-content'  itemprop=\"text\" >Angazhohuni n\u00eb projekte p\u00ebr zhvillimin e infrastruktur\u00ebs dhe krijimin e lidhjeve afatgjata e t\u00eb q\u00ebndrueshme.<\/div><\/div><\/div><\/figcaption><\/figure><\/a><!--end av-masonry entry--><a href=\"https:\/\/www.honorarkonsul-albanien-nrw.de\/sq\/mundesi-bashkepunimi\/turizmi\/\/\"  aria-label=\"image Turizmi\"  id='av-masonry-1-item-262' data-av-masonry-item='262' class='av-masonry-entry isotope-item post-262 attachment type-attachment status-inherit hentry  av-masonry-item-with-image' title=\"Turizmi\" alt=\"\"  data-av-masonry-custom-link=\"https:\/\/www.honorarkonsul-albanien-nrw.de\/sq\/mundesi-bashkepunimi\/turizmi\/\/\"  itemprop=\"thumbnailUrl\" ><div class='av-inner-masonry-sizer'><\/div><figure class='av-inner-masonry main_color'><div class=\"av-masonry-outerimage-container\"><div class='av-masonry-image-container' style=\"background-image: url(https:\/\/www.honorarkonsul-albanien-nrw.de\/wp-content\/uploads\/2025\/05\/photo-1444927714506-8492d94b4e3d-705x467.jpeg);\"  title=\"Turizmi\"  ><\/div><\/div><figcaption class='av-inner-masonry-content site-background'><div class='av-inner-masonry-content-pos'><div class='av-inner-masonry-content-pos-content'><div class='avia-arrow'><\/div><h3 class='av-masonry-entry-title entry-title '  itemprop=\"headline\" >Turizmi<\/h3><div class='av-masonry-entry-content entry-content'  itemprop=\"text\" >Mb\u00ebshtesni nismat p\u00ebr promovimin e turizmit dhe zbuloni bukurit\u00eb e Shqip\u00ebris\u00eb.<\/div><\/div><\/div><\/figcaption><\/figure><\/a><!--end av-masonry entry--><a href=\"https:\/\/www.honorarkonsul-albanien-nrw.de\/sq\/mundesi-bashkepunimi\/ndermarrjet-e-reja-dhe-sipermarrja\/\"  aria-label=\"image Nd\u00ebrmarrjet e reja &#038; sip\u00ebrmarrja\"  id='av-masonry-1-item-260' data-av-masonry-item='260' class='av-masonry-entry isotope-item post-260 attachment type-attachment status-inherit hentry  av-masonry-item-with-image' title=\"Nd\u00ebrmarrjet e reja &#038; sip\u00ebrmarrja\" alt=\"\"  data-av-masonry-custom-link=\"https:\/\/www.honorarkonsul-albanien-nrw.de\/sq\/mundesi-bashkepunimi\/ndermarrjet-e-reja-dhe-sipermarrja\/\"  itemprop=\"thumbnailUrl\" ><div class='av-inner-masonry-sizer'><\/div><figure class='av-inner-masonry main_color'><div class=\"av-masonry-outerimage-container\"><div class='av-masonry-image-container' style=\"background-image: url(https:\/\/www.honorarkonsul-albanien-nrw.de\/wp-content\/uploads\/2025\/05\/photo-1553484771-898ed465e931-705x470.jpeg);\"  title=\"Nd\u00ebrmarrjet e reja &#038; sip\u00ebrmarrja\"  ><\/div><\/div><figcaption class='av-inner-masonry-content site-background'><div class='av-inner-masonry-content-pos'><div class='av-inner-masonry-content-pos-content'><div class='avia-arrow'><\/div><h3 class='av-masonry-entry-title entry-title '  itemprop=\"headline\" >Nd\u00ebrmarrjet e reja &#038; sip\u00ebrmarrja<\/h3><div class='av-masonry-entry-content entry-content'  itemprop=\"text\" >Mund\u00ebsojini nd\u00ebrmarrjeve t\u00eb reja t\u00eb realizojn\u00eb idet\u00eb e tyre dhe t\u00eb dep\u00ebrtojn\u00eb n\u00eb tregjet nd\u00ebrkomb\u00ebtare.<\/div><\/div><\/div><\/figcaption><\/figure><\/a><!--end av-masonry entry--><a href=\"https:\/\/www.honorarkonsul-albanien-nrw.de\/sq\/mundesi-bashkepunimi\/arsimi-dhe-kerkimi-shkencor\/\"  aria-label=\"image Arsimi &#038; k\u00ebrkimi shkencor\"  id='av-masonry-1-item-258' data-av-masonry-item='258' class='av-masonry-entry isotope-item post-258 attachment type-attachment status-inherit hentry  av-masonry-item-with-image' title=\"Arsimi &#038; k\u00ebrkimi shkencor\" alt=\"\"  data-av-masonry-custom-link=\"https:\/\/www.honorarkonsul-albanien-nrw.de\/sq\/mundesi-bashkepunimi\/arsimi-dhe-kerkimi-shkencor\/\"  itemprop=\"thumbnailUrl\" ><div class='av-inner-masonry-sizer'><\/div><figure class='av-inner-masonry main_color'><div class=\"av-masonry-outerimage-container\"><div class='av-masonry-image-container' style=\"background-image: url(https:\/\/www.honorarkonsul-albanien-nrw.de\/wp-content\/uploads\/2025\/05\/photo-1516383274235-5f42d6c6426d-705x468.jpeg);\"  title=\"Arsimi &#038; k\u00ebrkimi shkencor\"  ><\/div><\/div><figcaption class='av-inner-masonry-content site-background'><div class='av-inner-masonry-content-pos'><div class='av-inner-masonry-content-pos-content'><div class='avia-arrow'><\/div><h3 class='av-masonry-entry-title entry-title '  itemprop=\"headline\" >Arsimi &#038; k\u00ebrkimi shkencor<\/h3><div class='av-masonry-entry-content entry-content'  itemprop=\"text\" >Investoni n\u00eb arsim p\u00ebr t\u00eb nd\u00ebrtuar nj\u00eb t\u00eb ardhme t\u00eb q\u00ebndrueshme dhe inovative p\u00ebr brezat e ardhsh\u00ebm.<\/div><\/div><\/div><\/figcaption><\/figure><\/a><!--end av-masonry entry--><\/div><\/div>\n","protected":false},"excerpt":{"rendered":"","protected":false},"author":1,"featured_media":0,"parent":0,"menu_order":0,"comment_status":"closed","ping_status":"closed","template":"","meta":{"footnotes":""},"class_list":["post-325","page","type-page","status-publish","hentry"],"_links":{"self":[{"href":"https:\/\/www.honorarkonsul-albanien-nrw.de\/sq\/wp-json\/wp\/v2\/pages\/325","targetHints":{"allow":["GET"]}}],"collection":[{"href":"https:\/\/www.honorarkonsul-albanien-nrw.de\/sq\/wp-json\/wp\/v2\/pages"}],"about":[{"href":"https:\/\/www.honorarkonsul-albanien-nrw.de\/sq\/wp-json\/wp\/v2\/types\/page"}],"author":[{"embeddable":true,"href":"https:\/\/www.honorarkonsul-albanien-nrw.de\/sq\/wp-json\/wp\/v2\/users\/1"}],"replies":[{"embeddable":true,"href":"https:\/\/www.honorarkonsul-albanien-nrw.de\/sq\/wp-json\/wp\/v2\/comments?post=325"}],"version-history":[{"count":9,"href":"https:\/\/www.honorarkonsul-albanien-nrw.de\/sq\/wp-json\/wp\/v2\/pages\/325\/revisions"}],"predecessor-version":[{"id":497,"href":"https:\/\/www.honorarkonsul-albanien-nrw.de\/sq\/wp-json\/wp\/v2\/pages\/325\/revisions\/497"}],"wp:attachment":[{"href":"https:\/\/www.honorarkonsul-albanien-nrw.de\/sq\/wp-json\/wp\/v2\/media?parent=325"}],"curies":[{"name":"wp","href":"https:\/\/api.w.org\/{rel}","templated":true}]}}