{"id":316,"date":"2025-05-06T10:09:10","date_gmt":"2025-05-06T10:09:10","guid":{"rendered":"https:\/\/dev.honorarkonsul-albanien-nrw.de\/kontakt\/"},"modified":"2025-08-08T10:34:34","modified_gmt":"2025-08-08T10:34:34","slug":"kontakt","status":"publish","type":"page","link":"https:\/\/www.honorarkonsul-albanien-nrw.de\/sq\/kontakt\/","title":{"rendered":"Kontakt"},"content":{"rendered":"<div  class='flex_column av-g6aag-055c721489db05ba94736cfc9d5ede62 av_one_fifth  avia-builder-el-0  el_before_av_three_fifth  avia-builder-el-first  first flex_column_div  '     ><\/div>\n<div  class='flex_column av-a05dk-1ffb4f40822942cf41876fde6418c027 av_three_fifth  avia-builder-el-1  el_after_av_one_fifth  el_before_av_one_fifth  flex_column_div  '     ><p>\n<style type=\"text\/css\" data-created_by=\"avia_inline_auto\" id=\"style-css-av-maccjs9n-5218f3161e6e06ec4a3766b3c2d2a059\">\n#top .av-special-heading.av-maccjs9n-5218f3161e6e06ec4a3766b3c2d2a059{\npadding-bottom:10px;\n}\nbody .av-special-heading.av-maccjs9n-5218f3161e6e06ec4a3766b3c2d2a059 .av-special-heading-tag .heading-char{\nfont-size:25px;\n}\n.av-special-heading.av-maccjs9n-5218f3161e6e06ec4a3766b3c2d2a059 .av-subheading{\nfont-size:15px;\n}\n<\/style>\n<div  class='av-special-heading av-maccjs9n-5218f3161e6e06ec4a3766b3c2d2a059 av-special-heading-h1 blockquote modern-quote  avia-builder-el-2  el_before_av_textblock  avia-builder-el-first '><h1 class='av-special-heading-tag'  itemprop=\"headline\"  >Kontakt<\/h1><div class=\"special-heading-border\"><div class=\"special-heading-inner-border\"><\/div><\/div><\/div><br \/>\n<section  class='av_textblock_section av-macckmbo-dafc1caaf1f93c381f139bab081641e7 '   itemscope=\"itemscope\" itemtype=\"https:\/\/schema.org\/CreativeWork\" ><div class='avia_textblock'  itemprop=\"text\" ><div class=\"editable-text _editable_1detf_95\" data-block-id=\"fgA9hNyNz1-hxbT248Dl4\" data-prop-key=\"introTitle\" data-element-type=\"text\" data-link=\"link=&amp;target=_blank&amp;text=Ihr%20direkter%20Draht%20zum%20Honorarkonsul%20der%20Republik%20Albanien%20in%20Nordrhein-Westfalen\">Lidhja juaj e drejtp\u00ebrdrejt\u00eb me Konsullin e Nderit t\u00eb Republik\u00ebs s\u00eb Shqip\u00ebris\u00eb n\u00eb North Rhine-Westfalen<\/div>\n<div class=\"mt-6 max-w-2xl\"><\/div>\n<\/div><\/section><br \/>\n\n<style type=\"text\/css\" data-created_by=\"avia_inline_auto\" id=\"style-css-av-maccopga-1fbadfbd8e51d8af17744100f6dadc55\">\n#top .av-special-heading.av-maccopga-1fbadfbd8e51d8af17744100f6dadc55{\npadding-bottom:10px;\n}\nbody .av-special-heading.av-maccopga-1fbadfbd8e51d8af17744100f6dadc55 .av-special-heading-tag .heading-char{\nfont-size:25px;\n}\n.av-special-heading.av-maccopga-1fbadfbd8e51d8af17744100f6dadc55 .av-subheading{\nfont-size:15px;\n}\n<\/style>\n<div  class='av-special-heading av-maccopga-1fbadfbd8e51d8af17744100f6dadc55 av-special-heading-h2 blockquote modern-quote  avia-builder-el-4  el_after_av_textblock  el_before_av_textblock '><h2 class='av-special-heading-tag'  itemprop=\"headline\"  >Ur\u00eb Kulturore<\/h2><div class=\"special-heading-border\"><div class=\"special-heading-inner-border\"><\/div><\/div><\/div><br \/>\n<section  class='av_textblock_section av-maccpcwj-9a8224400ff0d0d239a3db89cc9fa6ea '   itemscope=\"itemscope\" itemtype=\"https:\/\/schema.org\/CreativeWork\" ><div class='avia_textblock'  itemprop=\"text\" ><p>Promovim i shk\u00ebmbimit kulturor dhe organizimit t\u00eb eventeve.<\/p>\n<\/div><\/section><br \/>\n\n<style type=\"text\/css\" data-created_by=\"avia_inline_auto\" id=\"style-css-av-maccqkyh-b874d9a90778babefd150049142ec306\">\n#top .av-special-heading.av-maccqkyh-b874d9a90778babefd150049142ec306{\npadding-bottom:10px;\n}\nbody .av-special-heading.av-maccqkyh-b874d9a90778babefd150049142ec306 .av-special-heading-tag .heading-char{\nfont-size:25px;\n}\n.av-special-heading.av-maccqkyh-b874d9a90778babefd150049142ec306 .av-subheading{\nfont-size:15px;\n}\n<\/style>\n<div  class='av-special-heading av-maccqkyh-b874d9a90778babefd150049142ec306 av-special-heading-h2 blockquote modern-quote  avia-builder-el-6  el_after_av_textblock  el_before_av_textblock '><h2 class='av-special-heading-tag'  itemprop=\"headline\"  >Zhvillim ekonomik<\/h2><div class=\"special-heading-border\"><div class=\"special-heading-inner-border\"><\/div><\/div><\/div><br \/>\n<section  class='av_textblock_section av-macctvoz-882ca4fef55c2dd56c739c5d73fc1712 '   itemscope=\"itemscope\" itemtype=\"https:\/\/schema.org\/CreativeWork\" ><div class='avia_textblock'  itemprop=\"text\" ><p>Mb\u00ebshtetje me marr\u00ebdh\u00ebniet tregtare dhe mund\u00ebsit\u00eb e investimit.<\/p>\n<\/div><\/section><br \/>\n\n<style type=\"text\/css\" data-created_by=\"avia_inline_auto\" id=\"style-css-av-maccutlk-2bf03313e8171b0b61c719556171c4f6\">\n#top .av-special-heading.av-maccutlk-2bf03313e8171b0b61c719556171c4f6{\npadding-bottom:10px;\n}\nbody .av-special-heading.av-maccutlk-2bf03313e8171b0b61c719556171c4f6 .av-special-heading-tag .heading-char{\nfont-size:25px;\n}\n.av-special-heading.av-maccutlk-2bf03313e8171b0b61c719556171c4f6 .av-subheading{\nfont-size:15px;\n}\n<\/style>\n<div  class='av-special-heading av-maccutlk-2bf03313e8171b0b61c719556171c4f6 av-special-heading-h2 blockquote modern-quote  avia-builder-el-8  el_after_av_textblock  el_before_av_textblock '><h2 class='av-special-heading-tag'  itemprop=\"headline\"  >Informacione kontakti<\/h2><div class=\"special-heading-border\"><div class=\"special-heading-inner-border\"><\/div><\/div><\/div><br \/>\n<section  class='av_textblock_section av-maccvqvv-bc9a5ec1c3ce9dace2b4f6080e017369 '   itemscope=\"itemscope\" itemtype=\"https:\/\/schema.org\/CreativeWork\" ><div class='avia_textblock'  itemprop=\"text\" ><h3>Vendodhja: c\/o Franconia, M\u00fchlenstr. 36, 40213 D\u00fcsseldorf<\/h3>\n<p>Kontakt:<br \/>\nE-Mail: <a href=\"mailto:buero@honorarkonsul-albanien-nrw.de\">buero@honorarkonsul-albanien-nrw.de<\/a><br \/>\nTel.: 0211\/717799<br \/>\nFax: 0211\/717797<\/p>\n<h3>Pyetje t\u00eb p\u00ebrgjithshme dhe orari i pun\u00ebs:<\/h3>\n<p>Jemi t\u00eb disponuesh\u00ebm cdo t\u00eb marte nga<strong> ora 10:00 bis 14:00 Uhr.<\/strong><\/p>\n<p>Takimet mund t\u00eb caktohen individualisht pas nj\u00eb marr\u00ebveshjeje paraprake.<\/p>\n<\/div><\/section><\/p><\/div><div  class='flex_column av-bizww-5e63d352561a91a9c70c8c6ca9258930 av_one_fifth  avia-builder-el-10  el_after_av_three_fifth  avia-builder-el-last  flex_column_div  '     ><\/div><\/p>\n","protected":false},"excerpt":{"rendered":"","protected":false},"author":2,"featured_media":0,"parent":0,"menu_order":0,"comment_status":"closed","ping_status":"closed","template":"","meta":{"footnotes":""},"class_list":["post-316","page","type-page","status-publish","hentry"],"_links":{"self":[{"href":"https:\/\/www.honorarkonsul-albanien-nrw.de\/sq\/wp-json\/wp\/v2\/pages\/316","targetHints":{"allow":["GET"]}}],"collection":[{"href":"https:\/\/www.honorarkonsul-albanien-nrw.de\/sq\/wp-json\/wp\/v2\/pages"}],"about":[{"href":"https:\/\/www.honorarkonsul-albanien-nrw.de\/sq\/wp-json\/wp\/v2\/types\/page"}],"author":[{"embeddable":true,"href":"https:\/\/www.honorarkonsul-albanien-nrw.de\/sq\/wp-json\/wp\/v2\/users\/2"}],"replies":[{"embeddable":true,"href":"https:\/\/www.honorarkonsul-albanien-nrw.de\/sq\/wp-json\/wp\/v2\/comments?post=316"}],"version-history":[{"count":11,"href":"https:\/\/www.honorarkonsul-albanien-nrw.de\/sq\/wp-json\/wp\/v2\/pages\/316\/revisions"}],"predecessor-version":[{"id":845,"href":"https:\/\/www.honorarkonsul-albanien-nrw.de\/sq\/wp-json\/wp\/v2\/pages\/316\/revisions\/845"}],"wp:attachment":[{"href":"https:\/\/www.honorarkonsul-albanien-nrw.de\/sq\/wp-json\/wp\/v2\/media?parent=316"}],"curies":[{"name":"wp","href":"https:\/\/api.w.org\/{rel}","templated":true}]}}