{"id":310,"date":"2025-04-30T13:24:36","date_gmt":"2025-04-30T13:24:36","guid":{"rendered":"https:\/\/dev.honorarkonsul-albanien-nrw.de\/impressum\/"},"modified":"2025-10-11T07:10:29","modified_gmt":"2025-10-11T07:10:29","slug":"impressum","status":"publish","type":"page","link":"https:\/\/www.honorarkonsul-albanien-nrw.de\/sq\/impressum\/","title":{"rendered":"Impressum"},"content":{"rendered":"<div  class='flex_column av-1pcnx-78902c3c9edfe77d37e53c0c3844ad34 av_one_fifth  avia-builder-el-0  el_before_av_three_fifth  avia-builder-el-first  first flex_column_div  '     ><\/div>\n<div  class='flex_column av-15vi9-eee963730c7b56c7273a1888c1423994 av_three_fifth  avia-builder-el-1  el_after_av_one_fifth  el_before_av_one_fifth  flex_column_div  '     ><p>\n<style type=\"text\/css\" data-created_by=\"avia_inline_auto\" id=\"style-css-av-mac88pxp-72a27239c0405b644b8c489ff6fbc1f7\">\n#top .av-special-heading.av-mac88pxp-72a27239c0405b644b8c489ff6fbc1f7{\npadding-bottom:10px;\n}\nbody .av-special-heading.av-mac88pxp-72a27239c0405b644b8c489ff6fbc1f7 .av-special-heading-tag .heading-char{\nfont-size:25px;\n}\n.av-special-heading.av-mac88pxp-72a27239c0405b644b8c489ff6fbc1f7 .av-subheading{\nfont-size:15px;\n}\n<\/style>\n<div  class='av-special-heading av-mac88pxp-72a27239c0405b644b8c489ff6fbc1f7 av-special-heading-h2 blockquote modern-quote  avia-builder-el-2  el_before_av_textblock  avia-builder-el-first '><h2 class='av-special-heading-tag'  itemprop=\"headline\"  >IMPRESSUM<\/h2><div class=\"special-heading-border\"><div class=\"special-heading-inner-border\"><\/div><\/div><\/div><br \/>\n<section  class='av_textblock_section av-mac8a65k-61648a1bc9aa56f066405467335c42d2 '   itemscope=\"itemscope\" itemtype=\"https:\/\/schema.org\/CreativeWork\" ><div class='avia_textblock'  itemprop=\"text\" ><p>Mir\u00eb se vini n\u00eb faqen zyrtare t\u00eb Konsullit t\u00eb Nderit t\u00eb Shqip\u00ebris\u00eb n\u00eb North Rhine-Westfalen; Gjermani. M\u00eb posht\u00eb do t\u00eb gjeni informacionin ligjor n\u00eb lidhje me k\u00ebt\u00eb faqe interneti.<\/p>\n<\/div><\/section><br \/>\n\n<style type=\"text\/css\" data-created_by=\"avia_inline_auto\" id=\"style-css-av-mac8c8xu-a4ffd6c82d9da058b4e93badfdadab0d\">\n#top .av-special-heading.av-mac8c8xu-a4ffd6c82d9da058b4e93badfdadab0d{\npadding-bottom:10px;\n}\nbody .av-special-heading.av-mac8c8xu-a4ffd6c82d9da058b4e93badfdadab0d .av-special-heading-tag .heading-char{\nfont-size:25px;\n}\n.av-special-heading.av-mac8c8xu-a4ffd6c82d9da058b4e93badfdadab0d .av-subheading{\nfont-size:15px;\n}\n<\/style>\n<div  class='av-special-heading av-mac8c8xu-a4ffd6c82d9da058b4e93badfdadab0d av-special-heading-h2 blockquote modern-quote  avia-builder-el-4  el_after_av_textblock  el_before_av_textblock '><h2 class='av-special-heading-tag'  itemprop=\"headline\"  >INFORMACION SIPAS \u00a7 5 TMG:<\/h2><div class=\"special-heading-border\"><div class=\"special-heading-inner-border\"><\/div><\/div><\/div><br \/>\n<section  class='av_textblock_section av-mac8di6k-5e66bca0ed230aa8f2785ab8c90b638f '   itemscope=\"itemscope\" itemtype=\"https:\/\/schema.org\/CreativeWork\" ><div class='avia_textblock'  itemprop=\"text\" ><div class=\"editable-text _editable_1detf_95\" data-block-id=\"iaWR_jFJeHEbdNpwt55Ee\" data-prop-key=\"mainContent_2\" data-element-type=\"text\" data-link=\"link=&amp;target=_blank&amp;text=ANGABEN%20GEM%C3%84SS%20%C2%A7%205%20TMG%3A%3Cbr%3E%3Cbr%3EHonorarkonsul%20der%20Republik%20Albanien%20in%20Nordrhein-Westfalen\"><strong>Konsulli Nderi i Republik\u00ebs s\u00eb Shqip\u00ebris\u00eb n\u00eb North Rhine-Westfalen<\/strong><\/div>\n<div class=\"mt-10 max-w-2xl\">\n<ul class=\"mt-8 max-w-xl space-y-8 text-slate-600 dark:text-slate-400\" role=\"list\">\n<li class=\"flex gap-x-3\">\n<div class=\"editable-text _editable_1detf_95\" data-block-id=\"iaWR_jFJeHEbdNpwt55Ee\" data-prop-key=\"highlights_0_title\" data-element-type=\"text\" data-link=\"link=&amp;target=_blank&amp;text=Vertreten%20durch%3A\">P\u00ebrfaq\u00ebsuar nga:<\/div>\n<div class=\"editable-text _editable_1detf_95\" data-block-id=\"iaWR_jFJeHEbdNpwt55Ee\" data-prop-key=\"highlights_0_description\" data-element-type=\"text\" data-link=\"link=&amp;target=_blank&amp;text=Prof.%20Dr.%20Thomas%20Druyen%3Cbr%3EHansaallee%20159%2C%20%3Cbr%3E40549%20D%C3%BCsseldorf%3Cbr%3E\">Prof. Dr. Thomas Druyen<br \/>\nc\/o Franconia, M\u00fchlenstr. 36,<br \/>\n40213 D\u00fcsseldorf<\/div>\n<\/li>\n<\/ul>\n<div class=\"mt-1 text-sky-500 dark:text-sky-400 text-lg _icon-wrapper_efxce_95\" data-element-type=\"icon\" data-prop-key=\"highlights_1_icon\" data-library=\"FontAwesome\" data-link=\"link=&amp;target=_blank\"><\/div>\n<ul>\n<li class=\"editable-text _editable_1detf_95\" data-block-id=\"iaWR_jFJeHEbdNpwt55Ee\" data-prop-key=\"highlights_1_title\" data-element-type=\"text\" data-link=\"link=&amp;target=_blank&amp;text=Kontaktadresse\">Adresa e kontaktit:<br \/>\n<a href=\"mailto:buero@honorarkonsul-albanien-nrw.de\">buero@honorarkonsul-albanien-nrw.de<\/a><br \/>\nTel. 0211\/717799<br \/>\nFax 0211\/717797<\/li>\n<\/ul>\n<div class=\"editable-text _editable_1detf_95\" style=\"text-align: left;\" data-block-id=\"iaWR_jFJeHEbdNpwt55Ee\" data-prop-key=\"highlights_1_description\" data-element-type=\"text\" data-link=\"link=&amp;target=_blank&amp;text=buero%40honorarkonsul-albanien-nrw.de%3Cbr%3ETel.%200211%2F717799%20%3Cbr%3EFax%200211%2F717797%3Cbr%3E%3Cbr%3EVerantwortlich%20f%C3%BCr%20den%20Inhalt%20nach%20%C2%A7%2055%20Abs.%202%20RStV%3A%3Cbr%3E%3Cbr%3EAlba%20Tahiri%3Cbr%3E%28Assistentin%20des%20Honorarkonsuls%20der%20Republik%20Albanien%20in%20Nordrhein-Westfalen%20und%20wissenschaftliche%20Mitarbeiterin%29%3Cbr%3EHansaallee%20159%2C%2040549%20D%C3%BCsseldorf%3Cbr%3E%3Cbr%3EHaftung%20f%C3%BCr%20Inhalte%3A%3Cbr%3EDie%20Inhalte%20unserer%20Seiten%20wurden%20mit%20gr%C3%B6%C3%9Fter%20Sorgfalt%20erstellt.%20F%C3%BCr%20die%20Richtigkeit%2C%20Vollst%C3%A4ndigkeit%20und%20Aktualit%C3%A4t%20der%20Inhalte%20k%C3%B6nnen%20wir%20jedoch%20keine%20Gew%C3%A4hr%20%C3%BCbernehmen.%3Cbr%3E%3Cbr%3EHaftung%20f%C3%BCr%20Links%3A%3Cbr%3EUnsere%20Website%20enth%C3%A4lt%20Links%20zu%20externen%20Websites%20Dritter%2C%20auf%20deren%20Inhalte%20wir%20keinen%20Einfluss%20haben.%20Deshalb%20k%C3%B6nnen%20wir%20f%C3%BCr%20diese%20fremden%20Inhalte%20auch%20keine%20Gew%C3%A4hr%20%C3%BCbernehmen.%20F%C3%BCr%20die%20Inhalte%20der%20verlinkten%20Seiten%20ist%20stets%20der%20jeweilige%20Anbieter%20oder%20Betreiber%20der%20Seiten%20verantwortlich.%3Cbr%3E\">\n<ul>\n<li>Verantwortlich f\u00fcr den Inhalt nach \u00a7 55 Abs. 2 RStV:<br \/>\nA. Tahiri<br \/>\nMenaxhuese e zyr\u00ebs dhe bashk\u00ebpun\u00ebtore shkencore e Konsullit t\u00eb Nderit t\u00eb Republik\u00ebs s\u00eb Shqip\u00ebris\u00eb n\u00eb Nordrhein-Westfalen<br \/>\nc\/o Franconia, M\u00fchlenstr. 36,<br \/>\n40213 D\u00fcsseldorf<\/li>\n<\/ul>\n<ul>\n<li>P\u00ebrgjegj\u00ebsia p\u00ebr p\u00ebrmbajtjen:<br \/>\nP\u00ebrmbajtja e faqeve tona \u00ebsht\u00eb p\u00ebrgatitur me kujdesin m\u00eb t\u00eb madh. Megjithat\u00eb, p\u00ebr sakt\u00ebsin\u00eb, plot\u00ebsin\u00eb dhe p\u00ebrdit\u00ebsimin e p\u00ebrmbajtjes ne nuk mund t\u00eb marrim asnj\u00eb p\u00ebrgjegj\u00ebsi.<\/li>\n<li>P\u00ebrgjegj\u00ebsia p\u00ebr lidhjet (Links):<br \/>\nFaqja jon\u00eb e internetit p\u00ebrmban lidhje me faqe t\u00eb jashtme t\u00eb pal\u00ebve t\u00eb treta, mbi p\u00ebrmbajtjen e t\u00eb cilave ne nuk kemi asnj\u00eb ndikim. Prandaj, ne nuk mund t\u00eb marrim asnj\u00eb p\u00ebrgjegj\u00ebsi p\u00ebr k\u00ebto p\u00ebrmbajtje t\u00eb huaja. P\u00ebr p\u00ebrmbajtjen e faqeve t\u00eb lidhura \u00ebsht\u00eb gjithmon\u00eb p\u00ebrgjegj\u00ebs ofruesi ose operatori p\u00ebrkat\u00ebs i faqeve.<\/li>\n<\/ul>\n<\/div>\n<ul class=\"mt-8 max-w-xl space-y-8 text-slate-600 dark:text-slate-400\" role=\"list\">\n<li class=\"flex gap-x-3\">\n<div class=\"mt-1 text-sky-500 dark:text-sky-400 text-lg _icon-wrapper_efxce_95\" data-element-type=\"icon\" data-prop-key=\"highlights_2_icon\" data-library=\"FontAwesome\" data-link=\"link=&amp;target=_blank\"><\/div>\n<div class=\"editable-text _editable_1detf_95\" data-block-id=\"iaWR_jFJeHEbdNpwt55Ee\" data-prop-key=\"highlights_2_title\" data-element-type=\"text\" data-link=\"link=&amp;target=_blank&amp;text=Rechtliche%20Grundlagen\">Baza ligjore<\/div>\n<div class=\"editable-text _editable_1detf_95\" data-block-id=\"iaWR_jFJeHEbdNpwt55Ee\" data-prop-key=\"highlights_2_description\" data-element-type=\"text\" data-link=\"link=&amp;target=_blank&amp;text=Die%20Inhalte%20dieser%20Website%20unterliegen%20dem%20deutschen%20Recht.\">P\u00ebrmbajtja e k\u00ebsaj faqeje interneti i n\u00ebnshtrohet ligjit gjerman.<\/div>\n<\/li>\n<\/ul>\n<\/div>\n<\/div><\/section><\/p><\/div><div  class='flex_column av-sy5h-48fc96a2fe51e09543074550121bc1de av_one_fifth  avia-builder-el-6  el_after_av_three_fifth  avia-builder-el-last  flex_column_div  '     ><\/div><\/p>\n","protected":false},"excerpt":{"rendered":"","protected":false},"author":1,"featured_media":0,"parent":0,"menu_order":0,"comment_status":"closed","ping_status":"closed","template":"","meta":{"footnotes":""},"class_list":["post-310","page","type-page","status-publish","hentry"],"_links":{"self":[{"href":"https:\/\/www.honorarkonsul-albanien-nrw.de\/sq\/wp-json\/wp\/v2\/pages\/310","targetHints":{"allow":["GET"]}}],"collection":[{"href":"https:\/\/www.honorarkonsul-albanien-nrw.de\/sq\/wp-json\/wp\/v2\/pages"}],"about":[{"href":"https:\/\/www.honorarkonsul-albanien-nrw.de\/sq\/wp-json\/wp\/v2\/types\/page"}],"author":[{"embeddable":true,"href":"https:\/\/www.honorarkonsul-albanien-nrw.de\/sq\/wp-json\/wp\/v2\/users\/1"}],"replies":[{"embeddable":true,"href":"https:\/\/www.honorarkonsul-albanien-nrw.de\/sq\/wp-json\/wp\/v2\/comments?post=310"}],"version-history":[{"count":11,"href":"https:\/\/www.honorarkonsul-albanien-nrw.de\/sq\/wp-json\/wp\/v2\/pages\/310\/revisions"}],"predecessor-version":[{"id":1030,"href":"https:\/\/www.honorarkonsul-albanien-nrw.de\/sq\/wp-json\/wp\/v2\/pages\/310\/revisions\/1030"}],"wp:attachment":[{"href":"https:\/\/www.honorarkonsul-albanien-nrw.de\/sq\/wp-json\/wp\/v2\/media?parent=310"}],"curies":[{"name":"wp","href":"https:\/\/api.w.org\/{rel}","templated":true}]}}