{"id":304,"date":"2025-03-12T15:16:37","date_gmt":"2025-03-12T15:16:37","guid":{"rendered":"https:\/\/dev.honorarkonsul-albanien-nrw.de\/mbrojtja-e-te-dhenave\/"},"modified":"2025-08-08T10:30:02","modified_gmt":"2025-08-08T10:30:02","slug":"mbrojtja-e-te-dhenave","status":"publish","type":"page","link":"https:\/\/www.honorarkonsul-albanien-nrw.de\/sq\/mbrojtja-e-te-dhenave\/","title":{"rendered":"Mbrojtja e t\u00eb dh\u00ebnave"},"content":{"rendered":"<div  class='flex_column av-8es3-75d5756c91e783f75deb5b3fb7922b3c av_one_half  avia-builder-el-0  el_before_av_one_half  avia-builder-el-first  first flex_column_div  '     ><p>\n<style type=\"text\/css\" data-created_by=\"avia_inline_auto\" id=\"style-css-av-mac80w48-e6c5b2a2a07447c57ce6b4264fb8999c\">\n#top .av-special-heading.av-mac80w48-e6c5b2a2a07447c57ce6b4264fb8999c{\npadding-bottom:10px;\n}\nbody .av-special-heading.av-mac80w48-e6c5b2a2a07447c57ce6b4264fb8999c .av-special-heading-tag .heading-char{\nfont-size:25px;\n}\n.av-special-heading.av-mac80w48-e6c5b2a2a07447c57ce6b4264fb8999c .av-subheading{\nfont-size:15px;\n}\n<\/style>\n<div  class='av-special-heading av-mac80w48-e6c5b2a2a07447c57ce6b4264fb8999c av-special-heading-h1 blockquote modern-quote  avia-builder-el-1  el_before_av_textblock  avia-builder-el-first '><h1 class='av-special-heading-tag'  itemprop=\"headline\"  >Mbrojtja e t\u00eb dh\u00ebnave dhe t\u00eb drejtat tuaja<\/h1><div class=\"special-heading-border\"><div class=\"special-heading-inner-border\"><\/div><\/div><\/div><br \/>\n<section  class='av_textblock_section av-4nzv-3c77d9bf39b6cb8de97ac83e184c78e3 '   itemscope=\"itemscope\" itemtype=\"https:\/\/schema.org\/CreativeWork\" ><div class='avia_textblock'  itemprop=\"text\" ><p>1. Personi p\u00ebrgjegj\u00ebs p\u00ebr p\u00ebrpunimin e t\u00eb dh\u00ebnave n\u00eb k\u00ebt\u00eb faqe interneti \u00ebsht\u00eb:<br \/>\nKonsulli Nderi i Shqip\u00ebris\u00eb n\u00eb North Rhine-Westphalia<br \/>\nc\/o Franconia, M\u00fchlenstr. 36, 40213 D\u00fcsseldorf<br \/>\nNumri i telefonit: 0211\/717799<br \/>\nFaks: 0211\/717797<br \/>\nAdresa e Email-it: <a href=\"mailto:buero@honorarkonsul-albanien-nrw.de\">buero@honorarkonsul-albanien-nrw.de<\/a><\/p>\n<p>2. Qasja n\u00eb t\u00eb dh\u00ebna dhe strehimi<br \/>\n Kur hyni n\u00eb k\u00ebt\u00eb faqe interneti, ofruesi i hostimit regjistron automatikisht t\u00eb dh\u00ebnat e m\u00ebposhtme n\u00eb t\u00eb ashtuquajturat skedar\u00eb regjistri t\u00eb serverit:<br \/>\n \u2013 Adresa IP e pajisjes q\u00eb hyn<br \/>\n \u2013 Data dhe ora e aksesit<br \/>\n \u2013 Faqet\/skedar\u00ebt e vizituar<br \/>\n \u2013 Lloji i shfletuesit dhe sistemi operativ<br \/>\n \u2013 URL-ja e referimit (faqja e vizituar m\u00eb par\u00eb)<br \/>\n K\u00ebto t\u00eb dh\u00ebna p\u00ebrdoren ekskluzivisht p\u00ebr t\u00eb siguruar funksionimin e qet\u00eb, sigurin\u00eb dhe optimizimin teknik t\u00eb faqes s\u00eb internetit. T\u00eb dh\u00ebnat ruhen p\u00ebr nj\u00eb maksimum prej 7 dit\u00ebsh, pas s\u00eb cil\u00ebs fshihen automatikisht. <\/p>\n<p>Baza ligjore: Neni 6(1)(f) i GDPR \u2013 interesi i ligjsh\u00ebm.  <\/p>\n<p>3. T\u00eb dh\u00ebna personale<br \/>\n T\u00eb dh\u00ebnat personale jan\u00eb \u00e7do informacion q\u00eb lidhet me nj\u00eb person fizik t\u00eb identifikuar ose t\u00eb identifikuesh\u00ebm &#8211; p\u00ebr shembull, emri, adresa, numri i telefonit ose adresa e email-it. T\u00eb dh\u00ebnat personale nuk do t&#8217;u kalohen pal\u00ebve t\u00eb treta, p\u00ebrve\u00e7 n\u00ebse kjo \u00ebsht\u00eb e nevojshme p\u00ebr t\u00eb p\u00ebrmbushur detyrimet ligjore. <\/p>\n<p>4. T\u00eb drejtat tuaja si subjekt i t\u00eb dh\u00ebnave<br \/>\n Sipas GDPR-s\u00eb ju keni t\u00eb drejt\u00eb:<br \/>\n \u2013 p\u00ebr informacion n\u00eb lidhje me t\u00eb dh\u00ebnat tuaja t\u00eb ruajtura (Neni 15 i GDPR-s\u00eb)<br \/>\n \u2013 p\u00ebr korrigjimin e t\u00eb dh\u00ebnave t\u00eb pasakta (Neni 16 i GDPR-s\u00eb)<br \/>\n \u2013 p\u00ebr fshirjen e t\u00eb dh\u00ebnave tuaja (Neni 17 i GDPR-s\u00eb)<br \/>\n \u2013 p\u00ebr kufizimin e p\u00ebrpunimit (Neni 18 i GDPR-s\u00eb)<br \/>\n \u2013 p\u00ebr transportueshm\u00ebrin\u00eb e t\u00eb dh\u00ebnave (Neni 20 i GDPR-s\u00eb)<br \/>\n \u2013 t\u00eb kund\u00ebrshtoni p\u00ebrpunimin (Neni 21 i GDPR-s\u00eb)<br \/>\n P\u00ebr t\u00eb ushtruar t\u00eb drejtat tuaja, ju lutemi t\u00eb na kontaktoni n\u00eb adres\u00ebn e kontaktit t\u00eb lartp\u00ebrmendur.<\/p>\n<\/div><\/section><\/p><\/div><div  class='flex_column av-3a2x-1e2d1b092a7d7836c210ef13ce75ebbb av_one_half  avia-builder-el-3  el_after_av_one_half  avia-builder-el-last  flex_column_div  '     ><section  class='av_textblock_section av-mac845mi-a888a03c20e12eecfca76c1efac3acc2 '   itemscope=\"itemscope\" itemtype=\"https:\/\/schema.org\/CreativeWork\" ><div class='avia_textblock'  itemprop=\"text\" ><p>5. Kontaktoni me email ose telefon<br \/>\n N\u00ebse na kontaktoni, informacioni juaj (p.sh. emri, adresa e email-it, numri i telefonit) do t\u00eb p\u00ebrdoret vet\u00ebm p\u00ebr t\u00eb p\u00ebrpunuar k\u00ebrkes\u00ebn tuaj dhe nuk do t\u00eb kalohet pa p\u00eblqimin tuaj. P\u00ebrpunimi kryhet n\u00eb p\u00ebrputhje me Artin. 6 (1) (b) i GDPR-s\u00eb. K\u00ebto t\u00eb dh\u00ebna do t\u00eb fshihen sapo t\u00eb mos jen\u00eb m\u00eb t\u00eb nevojshme p\u00ebr p\u00ebrpunim.    <\/p>\n<p>6. Kukit\u00eb<br \/>\n Kjo faqe interneti p\u00ebrdor vet\u00ebm t\u00eb ashtuquajturat &#8220;cookies t\u00eb sesionit&#8221;, t\u00eb cilat jan\u00eb t\u00eb vlefshme vet\u00ebm p\u00ebr koh\u00ebzgjatjen e vizit\u00ebs suaj n\u00eb faqen e internetit dhe nuk ruajn\u00eb p\u00ebrgjithmon\u00eb t\u00eb dh\u00ebna personale. K\u00ebto cookie jan\u00eb teknikisht t\u00eb nevojshme p\u00ebr t\u00eb aktivizuar funksione t\u00eb caktuara t\u00eb faqes s\u00eb internetit. Nuk p\u00ebrdoren cookie-t e gjurmimit ose t\u00eb pal\u00ebve t\u00eb treta.  <\/p>\n<p>7. Lidhje t\u00eb jashtme<br \/>\nFaqja jon\u00eb e internetit p\u00ebrmban lidhje me faqe t\u00eb jashtme, p.sh. B. nga konsullata t\u00eb tjera ose projekte ekonomike. Operator\u00ebt e k\u00ebtyre faqeve t\u00eb jashtme jan\u00eb t\u00ebr\u00ebsisht p\u00ebrgjegj\u00ebs p\u00ebr p\u00ebrmbajtjen dhe mbrojtjen e t\u00eb dh\u00ebnave t\u00eb tyre. Kur hyni n\u00eb k\u00ebto faqe interneti, zbatohen politikat e tyre t\u00eb privat\u00ebsis\u00eb.<\/p>\n<\/div><\/section><\/div><\/p>\n","protected":false},"excerpt":{"rendered":"","protected":false},"author":1,"featured_media":0,"parent":0,"menu_order":0,"comment_status":"closed","ping_status":"open","template":"","meta":{"footnotes":""},"class_list":["post-304","page","type-page","status-publish","hentry"],"_links":{"self":[{"href":"https:\/\/www.honorarkonsul-albanien-nrw.de\/sq\/wp-json\/wp\/v2\/pages\/304","targetHints":{"allow":["GET"]}}],"collection":[{"href":"https:\/\/www.honorarkonsul-albanien-nrw.de\/sq\/wp-json\/wp\/v2\/pages"}],"about":[{"href":"https:\/\/www.honorarkonsul-albanien-nrw.de\/sq\/wp-json\/wp\/v2\/types\/page"}],"author":[{"embeddable":true,"href":"https:\/\/www.honorarkonsul-albanien-nrw.de\/sq\/wp-json\/wp\/v2\/users\/1"}],"replies":[{"embeddable":true,"href":"https:\/\/www.honorarkonsul-albanien-nrw.de\/sq\/wp-json\/wp\/v2\/comments?post=304"}],"version-history":[{"count":6,"href":"https:\/\/www.honorarkonsul-albanien-nrw.de\/sq\/wp-json\/wp\/v2\/pages\/304\/revisions"}],"predecessor-version":[{"id":855,"href":"https:\/\/www.honorarkonsul-albanien-nrw.de\/sq\/wp-json\/wp\/v2\/pages\/304\/revisions\/855"}],"wp:attachment":[{"href":"https:\/\/www.honorarkonsul-albanien-nrw.de\/sq\/wp-json\/wp\/v2\/media?parent=304"}],"curies":[{"name":"wp","href":"https:\/\/api.w.org\/{rel}","templated":true}]}}