{"id":577,"date":"2025-05-07T10:09:37","date_gmt":"2025-05-07T10:09:37","guid":{"rendered":"https:\/\/dev.honorarkonsul-albanien-nrw.de\/cooperation\/industry-infrastructure\/"},"modified":"2025-05-16T09:47:28","modified_gmt":"2025-05-16T09:47:28","slug":"industry-infrastructure","status":"publish","type":"page","link":"https:\/\/www.honorarkonsul-albanien-nrw.de\/en\/cooperation\/industry-infrastructure\/","title":{"rendered":"Industry &amp; Infrastructure"},"content":{"rendered":"<div  class='flex_column av-xk6ql-7e93174fe72a1c2b551f835cd8bcee09 av_one_fifth  avia-builder-el-0  el_before_av_three_fifth  avia-builder-el-first  first flex_column_div  '     ><\/div>\n<div  class='flex_column av-2or5x-e19384268e90e3b4d88aafb93255ef9a av_three_fifth  avia-builder-el-1  el_after_av_one_fifth  el_before_av_one_fifth  flex_column_div  '     ><p>\n<style type=\"text\/css\" data-created_by=\"avia_inline_auto\" id=\"style-css-av-mads11td-9a8605660140a3ab49f70d47cf8b68b4\">\n#top .av-special-heading.av-mads11td-9a8605660140a3ab49f70d47cf8b68b4{\npadding-bottom:10px;\n}\nbody .av-special-heading.av-mads11td-9a8605660140a3ab49f70d47cf8b68b4 .av-special-heading-tag .heading-char{\nfont-size:25px;\n}\n.av-special-heading.av-mads11td-9a8605660140a3ab49f70d47cf8b68b4 .av-subheading{\nfont-size:15px;\n}\n<\/style>\n<div  class='av-special-heading av-mads11td-9a8605660140a3ab49f70d47cf8b68b4 av-special-heading-h1 blockquote modern-quote modern-centered  avia-builder-el-2  el_before_av_textblock  avia-builder-el-first '><h1 class='av-special-heading-tag'  itemprop=\"headline\"  >Industry <span class='special_amp'>&amp;<\/span> Infrastructure<\/h1><div class=\"special-heading-border\"><div class=\"special-heading-inner-border\"><\/div><\/div><\/div><br \/>\n<section  class='av_textblock_section av-j3uhh-1a9d7b6029cbfed0ad6614b783c10301 '   itemscope=\"itemscope\" itemtype=\"https:\/\/schema.org\/CreativeWork\" ><div class='avia_textblock'  itemprop=\"text\" ><h3>With low operating costs, proximity to the EU, special zones for investors, and strong access to qualified labor, Albania is developing into a reliable partner for industrial projects. The country offers ideal conditions for manufacturing companies, logistics centers, and industrial services. <\/h3>\n<p><strong> Strong Reasons to Invest<\/strong><\/p>\n<ul>\n<li>Symbolic lease of \u20ac1 for state-owned industrial land (for up to 99 years)<\/li>\n<li>Exemption from import duties and VAT on machinery and equipment<br \/>\n5% corporate tax for the automotive supplier industry<\/li>\n<li>Fast VAT refunds for exporters (within 30 days)<\/li>\n<li>Financial incentives for vocational training and on-the-job education<\/li>\n<li>Low wages, high qualification \u2013 average monthly industrial wage: \u20ac529<\/li>\n<li>State-supported industrial and economic zones (TEDA zones)<\/li>\n<\/ul>\n<p><strong> Strategic Location for the European Market<\/strong><\/p>\n<p>Connection to major European transit routes<\/p>\n<p>4 seaports (Durr\u00ebs, Vlor\u00eb, Sh\u00ebngjin, Saranda)<\/p>\n<p>2 international airports (Tirana, Kuk\u00ebs)<\/p>\n<p>15 border crossings with neighboring countries<\/p>\n<p>Direct access to the Mediterranean &amp; Adriatic Corridor<\/p>\n<p>Rising exports to EU countries \u2013 main markets: Germany, Italy, Greece<\/p>\n<p><strong>Workforce &amp; Qualifications<\/strong><\/p>\n<ul>\n<li>Over 46% of the population is under 35<\/li>\n<li>High literacy rate (97.6%)<\/li>\n<li>39 vocational schools across the country<\/li>\n<li>Availability of technical professionals from the Polytechnic University of Tirana<\/li>\n<\/ul>\n<p><strong>International Presence<\/strong><\/p>\n<p>Albania supplies major European brands such as Zara, Gianfranco Ferr\u00e9, and U.S. Polo.<br \/>\nIn the automotive sector, companies like Giobert, PSZ Albania, Forchner, and Yura (South Korea) have already established production facilities.<\/p>\n<p><strong> Contact &amp; Support<\/strong><\/p>\n<p>Planning a production or logistics project in Albania?<br \/>\nWe are happy to support you with site selection, local authority contacts, and project development.<\/p>\n<\/div><\/section><\/p><\/div><div  class='flex_column av-cz94l-d0156e57cae95912bd2d3b4c153877a7 av_one_fifth  avia-builder-el-4  el_after_av_three_fifth  el_before_av_masonry_gallery  avia-builder-el-last  flex_column_div  '     ><\/div><\/p>\n<div id='av-masonry-1' class='av-masonry av-acbot-0568ee0460c3689b65f59789bb54a213 noHover av-fixed-size av-large-gap av-hover-overlay-active av-masonry-animation-active av-masonry-col-5 av-caption-always av-caption-style-overlay av-masonry-gallery av-orientation-portrait ' data-post_id=\"577\"><div class=\"av-masonry-container isotope av-js-disabled\"><div class='av-masonry-entry isotope-item av-masonry-item-no-image '><\/div><a href=\"https:\/\/www.honorarkonsul-albanien-nrw.de\/en\/cooperation\/technology-digitalization\/\"  aria-label=\"image Technology &#038; Digitalisation\"  id='av-masonry-1-item-267' data-av-masonry-item='267' class='av-masonry-entry isotope-item post-267 attachment type-attachment status-inherit hentry  av-masonry-item-with-image' title=\"Technology &#038; Digitalisation\" alt=\"\"  data-av-masonry-custom-link=\"https:\/\/www.honorarkonsul-albanien-nrw.de\/en\/cooperation\/technology-digitalization\/\"  itemprop=\"thumbnailUrl\" ><div class='av-inner-masonry-sizer'><\/div><figure class='av-inner-masonry main_color'><div class=\"av-masonry-outerimage-container\"><div class='av-masonry-image-container' style=\"background-image: url(https:\/\/www.honorarkonsul-albanien-nrw.de\/wp-content\/uploads\/2025\/05\/photo-1589828994379-7a8869c4f519-705x449.jpeg);\"  title=\"Technology &#038; Digitalisation\"  ><\/div><\/div><figcaption class='av-inner-masonry-content site-background'><div class='av-inner-masonry-content-pos'><div class='av-inner-masonry-content-pos-content'><div class='avia-arrow'><\/div><h3 class='av-masonry-entry-title entry-title '  itemprop=\"headline\" >Technology &#038; Digitalisation<\/h3><div class='av-masonry-entry-content entry-content'  itemprop=\"text\" >Promote the exchange and development of innovative technologies between Albania and North Rhine-Westphalia.<\/div><\/div><\/div><\/figcaption><\/figure><\/a><!--end av-masonry entry--><a href=\"https:\/\/www.honorarkonsul-albanien-nrw.de\/en\/cooperation\/industry-infrastructure\/\"  aria-label=\"image Industry &#038; Infrastructure\"  id='av-masonry-1-item-575' data-av-masonry-item='575' class='av-masonry-entry isotope-item post-575 attachment type-attachment status-inherit hentry  av-masonry-item-with-image' title=\"Industry &#038; Infrastructure\" alt=\"\"  data-av-masonry-custom-link=\"https:\/\/www.honorarkonsul-albanien-nrw.de\/en\/cooperation\/industry-infrastructure\/\"  itemprop=\"thumbnailUrl\" ><div class='av-inner-masonry-sizer'><\/div><figure class='av-inner-masonry main_color'><div class=\"av-masonry-outerimage-container\"><div class='av-masonry-image-container' style=\"background-image: url(https:\/\/www.honorarkonsul-albanien-nrw.de\/wp-content\/uploads\/2025\/05\/photo-1523413184730-e85dbbd04aba-470x705.jpeg);\"  title=\"Industry &#038; Infrastructure\"  ><\/div><\/div><figcaption class='av-inner-masonry-content site-background'><div class='av-inner-masonry-content-pos'><div class='av-inner-masonry-content-pos-content'><div class='avia-arrow'><\/div><h3 class='av-masonry-entry-title entry-title '  itemprop=\"headline\" >Industry &#038; Infrastructure<\/h3><div class='av-masonry-entry-content entry-content'  itemprop=\"text\" >Get involved in projects aimed at developing infrastructure and building long-term, sustainable connections.<\/div><\/div><\/div><\/figcaption><\/figure><\/a><!--end av-masonry entry--><a href=\"https:\/\/www.honorarkonsul-albanien-nrw.de\/en\/cooperation\/tourismus\/\"  aria-label=\"image Tourism\"  id='av-masonry-1-item-263' data-av-masonry-item='263' class='av-masonry-entry isotope-item post-263 attachment type-attachment status-inherit hentry  av-masonry-item-with-image' title=\"Tourism\" alt=\"\"  data-av-masonry-custom-link=\"https:\/\/www.honorarkonsul-albanien-nrw.de\/en\/cooperation\/tourismus\/\"  itemprop=\"thumbnailUrl\" ><div class='av-inner-masonry-sizer'><\/div><figure class='av-inner-masonry main_color'><div class=\"av-masonry-outerimage-container\"><div class='av-masonry-image-container' style=\"background-image: url(https:\/\/www.honorarkonsul-albanien-nrw.de\/wp-content\/uploads\/2025\/05\/photo-1444927714506-8492d94b4e3d-705x467.jpeg);\"  title=\"Tourism\"  ><\/div><\/div><figcaption class='av-inner-masonry-content site-background'><div class='av-inner-masonry-content-pos'><div class='av-inner-masonry-content-pos-content'><div class='avia-arrow'><\/div><h3 class='av-masonry-entry-title entry-title '  itemprop=\"headline\" >Tourism<\/h3><div class='av-masonry-entry-content entry-content'  itemprop=\"text\" >Support initiatives to promote tourism and discover the beauty of Albania.<\/div><\/div><\/div><\/figcaption><\/figure><\/a><!--end av-masonry entry--><a href=\"https:\/\/www.honorarkonsul-albanien-nrw.de\/en\/cooperation\/start-ups-entrepreneurship\/\"  aria-label=\"image Start-Ups &#038; Entrepreneurship\"  id='av-masonry-1-item-261' data-av-masonry-item='261' class='av-masonry-entry isotope-item post-261 attachment type-attachment status-inherit hentry  av-masonry-item-with-image' title=\"Start-Ups &#038; Entrepreneurship\" alt=\"\"  data-av-masonry-custom-link=\"https:\/\/www.honorarkonsul-albanien-nrw.de\/en\/cooperation\/start-ups-entrepreneurship\/\"  itemprop=\"thumbnailUrl\" ><div class='av-inner-masonry-sizer'><\/div><figure class='av-inner-masonry main_color'><div class=\"av-masonry-outerimage-container\"><div class='av-masonry-image-container' style=\"background-image: url(https:\/\/www.honorarkonsul-albanien-nrw.de\/wp-content\/uploads\/2025\/05\/photo-1553484771-898ed465e931-705x470.jpeg);\"  title=\"Start-Ups &#038; Entrepreneurship\"  ><\/div><\/div><figcaption class='av-inner-masonry-content site-background'><div class='av-inner-masonry-content-pos'><div class='av-inner-masonry-content-pos-content'><div class='avia-arrow'><\/div><h3 class='av-masonry-entry-title entry-title '  itemprop=\"headline\" >Start-Ups &#038; Entrepreneurship<\/h3><div class='av-masonry-entry-content entry-content'  itemprop=\"text\" >Empower young companies to realize their ideas and access international markets.<\/div><\/div><\/div><\/figcaption><\/figure><\/a><!--end av-masonry entry--><a href=\"https:\/\/www.honorarkonsul-albanien-nrw.de\/en\/cooperation\/education-research\/\"  aria-label=\"image Education &#038; Research\"  id='av-masonry-1-item-259' data-av-masonry-item='259' class='av-masonry-entry isotope-item post-259 attachment type-attachment status-inherit hentry  av-masonry-item-with-image' title=\"Education &#038; Research\" alt=\"\"  data-av-masonry-custom-link=\"https:\/\/www.honorarkonsul-albanien-nrw.de\/en\/cooperation\/education-research\/\"  itemprop=\"thumbnailUrl\" ><div class='av-inner-masonry-sizer'><\/div><figure class='av-inner-masonry main_color'><div class=\"av-masonry-outerimage-container\"><div class='av-masonry-image-container' style=\"background-image: url(https:\/\/www.honorarkonsul-albanien-nrw.de\/wp-content\/uploads\/2025\/05\/photo-1516383274235-5f42d6c6426d-705x468.jpeg);\"  title=\"Education &#038; Research\"  ><\/div><\/div><figcaption class='av-inner-masonry-content site-background'><div class='av-inner-masonry-content-pos'><div class='av-inner-masonry-content-pos-content'><div class='avia-arrow'><\/div><h3 class='av-masonry-entry-title entry-title '  itemprop=\"headline\" >Education &#038; Research<\/h3><div class='av-masonry-entry-content entry-content'  itemprop=\"text\" >Enable young companies to realize their ideas and reach international markets.<\/div><\/div><\/div><\/figcaption><\/figure><\/a><!--end av-masonry entry--><\/div><\/div>\n","protected":false},"excerpt":{"rendered":"","protected":false},"author":1,"featured_media":0,"parent":343,"menu_order":0,"comment_status":"closed","ping_status":"closed","template":"","meta":{"footnotes":""},"class_list":["post-577","page","type-page","status-publish","hentry"],"_links":{"self":[{"href":"https:\/\/www.honorarkonsul-albanien-nrw.de\/en\/wp-json\/wp\/v2\/pages\/577","targetHints":{"allow":["GET"]}}],"collection":[{"href":"https:\/\/www.honorarkonsul-albanien-nrw.de\/en\/wp-json\/wp\/v2\/pages"}],"about":[{"href":"https:\/\/www.honorarkonsul-albanien-nrw.de\/en\/wp-json\/wp\/v2\/types\/page"}],"author":[{"embeddable":true,"href":"https:\/\/www.honorarkonsul-albanien-nrw.de\/en\/wp-json\/wp\/v2\/users\/1"}],"replies":[{"embeddable":true,"href":"https:\/\/www.honorarkonsul-albanien-nrw.de\/en\/wp-json\/wp\/v2\/comments?post=577"}],"version-history":[{"count":2,"href":"https:\/\/www.honorarkonsul-albanien-nrw.de\/en\/wp-json\/wp\/v2\/pages\/577\/revisions"}],"predecessor-version":[{"id":579,"href":"https:\/\/www.honorarkonsul-albanien-nrw.de\/en\/wp-json\/wp\/v2\/pages\/577\/revisions\/579"}],"up":[{"embeddable":true,"href":"https:\/\/www.honorarkonsul-albanien-nrw.de\/en\/wp-json\/wp\/v2\/pages\/343"}],"wp:attachment":[{"href":"https:\/\/www.honorarkonsul-albanien-nrw.de\/en\/wp-json\/wp\/v2\/media?parent=577"}],"curies":[{"name":"wp","href":"https:\/\/api.w.org\/{rel}","templated":true}]}}